{"id":5474,"date":"2018-04-03T16:26:23","date_gmt":"2018-04-03T15:26:23","guid":{"rendered":"http:\/\/www.seastarfestival.com\/?page_id=5474"},"modified":"2025-05-15T10:49:07","modified_gmt":"2025-05-15T08:49:07","slug":"press","status":"publish","type":"page","link":"https:\/\/www.seastarfestival.com\/sl\/press","title":{"rendered":"Press"},"content":{"rendered":"\t\t<div data-elementor-type=\"wp-page\" data-elementor-id=\"5474\" class=\"elementor elementor-5474 elementor-5457\" data-elementor-post-type=\"page\">\n\t\t\t\t<div class=\"elementor-element elementor-element-30a6d74 e-con-full e-flex e-con e-parent\" data-id=\"30a6d74\" data-element_type=\"container\">\n\t\t\t\t<div class=\"elementor-element elementor-element-6347d28 elementor-widget__width-initial elementor-widget elementor-widget-template\" data-id=\"6347d28\" data-element_type=\"widget\" data-widget_type=\"template.default\">\n\t\t\t\t<div class=\"elementor-widget-container\">\n\t\t\t\t\t\t\t<div class=\"elementor-template\">\n\t\t\t\t\t<div data-elementor-type=\"section\" data-elementor-id=\"48415\" class=\"elementor elementor-48415\" data-elementor-post-type=\"elementor_library\">\n\t\t\t<div class=\"elementor-element elementor-element-ea336ad e-flex e-con-boxed e-con e-parent\" data-id=\"ea336ad\" data-element_type=\"container\" data-settings=\"{&quot;background_background&quot;:&quot;classic&quot;}\">\n\t\t\t\t\t<div class=\"e-con-inner\">\n\t\t<div class=\"elementor-element elementor-element-3faa944 e-con-full e-flex e-con e-child\" data-id=\"3faa944\" data-element_type=\"container\">\n\t\t<div class=\"elementor-element elementor-element-651e20c e-con-full e-flex e-con e-child\" data-id=\"651e20c\" data-element_type=\"container\">\n\t\t\t\t<div class=\"elementor-element elementor-element-43298c4 elementor-widget elementor-widget-heading\" data-id=\"43298c4\" data-element_type=\"widget\" data-widget_type=\"heading.default\">\n\t\t\t\t<div class=\"elementor-widget-container\">\n\t\t\t\t\t<h1 class=\"elementor-heading-title elementor-size-default\">Press<\/h1>\t\t\t\t<\/div>\n\t\t\t\t<\/div>\n\t\t\t\t<\/div>\n\t\t<div class=\"elementor-element elementor-element-5e6cad0 e-con-full e-flex e-con e-child\" data-id=\"5e6cad0\" data-element_type=\"container\">\n\t\t\t\t<div class=\"elementor-element elementor-element-5f0f275 elementor-align-right elementor-widget elementor-widget-breadcrumbs\" data-id=\"5f0f275\" data-element_type=\"widget\" data-widget_type=\"breadcrumbs.default\">\n\t\t\t\t<div class=\"elementor-widget-container\">\n\t\t\t\t\t<div id=\"breadcrumbs\"><span><span><a href=\"https:\/\/www.seastarfestival.com\/sl\">Po\u010detna<\/a><\/span><\/span><\/div>\t\t\t\t<\/div>\n\t\t\t\t<\/div>\n\t\t\t\t<\/div>\n\t\t\t\t<\/div>\n\t\t\t\t\t<\/div>\n\t\t\t\t<\/div>\n\t\t\t\t<\/div>\n\t\t\t\t<\/div>\n\t\t\t\t\t\t<\/div>\n\t\t\t\t<\/div>\n\t\t\t\t<\/div>\n\t\t<div class=\"elementor-element elementor-element-3090f93 e-flex e-con-boxed e-con e-parent\" data-id=\"3090f93\" data-element_type=\"container\">\n\t\t\t\t\t<div class=\"e-con-inner\">\n\t\t<div class=\"elementor-element elementor-element-4b5dbae e-con-full elementor-hidden-desktop elementor-hidden-tablet elementor-hidden-mobile e-flex e-con e-child\" data-id=\"4b5dbae\" data-element_type=\"container\">\n\t\t<div class=\"elementor-element elementor-element-b91a5e5 e-con-full e-flex e-con e-child\" data-id=\"b91a5e5\" data-element_type=\"container\">\n\t\t\t\t<div class=\"elementor-element elementor-element-03ecf1e elementor-widget elementor-widget-heading\" data-id=\"03ecf1e\" data-element_type=\"widget\" data-widget_type=\"heading.default\">\n\t\t\t\t<div class=\"elementor-widget-container\">\n\t\t\t\t\t<h3 class=\"elementor-heading-title elementor-size-default\">Akreditacije za Sea Star Festival<\/h3>\t\t\t\t<\/div>\n\t\t\t\t<\/div>\n\t\t\t\t<div class=\"elementor-element elementor-element-f704409 elementor-widget__width-initial elementor-widget-mobile__width-inherit elementor-widget elementor-widget-text-editor\" data-id=\"f704409\" data-element_type=\"widget\" data-widget_type=\"text-editor.default\">\n\t\t\t\t<div class=\"elementor-widget-container\">\n\t\t\t\t\t\t\t\t\t<p>Odprte so prijave za medijske akreditacije za Sea Star Festival.<\/p><p><strong>Za akreditacijo predstavnikov medijev prosimo izpolnite prijavo na tej <a href=\"https:\/\/exit-festival.typeform.com\/to\/Cju4ny9D\" target=\"_blank\" rel=\"noopener\">povezavi<\/a><\/strong>.<\/p><p><strong>Rok za oddajo prijav je nedelja, 11. maj 2025.<\/strong><\/p><p>Vse medijske hi\u0161e, katerih akreditacije bodo odobrene, bodo o tem obve\u0161\u010dene najkasneje <strong>do 16. maja 2025<\/strong>.<\/p>\t\t\t\t\t\t\t\t<\/div>\n\t\t\t\t<\/div>\n\t\t\t\t<div class=\"elementor-element elementor-element-47e3916 elementor-align-justify elementor-widget elementor-widget-button\" data-id=\"47e3916\" data-element_type=\"widget\" data-widget_type=\"button.default\">\n\t\t\t\t<div class=\"elementor-widget-container\">\n\t\t\t\t\t\t\t\t\t<div class=\"elementor-button-wrapper\">\n\t\t\t\t\t<a class=\"elementor-button elementor-button-link elementor-size-sm\" href=\"https:\/\/exit-festival.typeform.com\/to\/Cju4ny9D\" target=\"_blank\">\n\t\t\t\t\t\t<span class=\"elementor-button-content-wrapper\">\n\t\t\t\t\t\t\t\t\t<span class=\"elementor-button-text\">Prijavite se<\/span>\n\t\t\t\t\t<\/span>\n\t\t\t\t\t<\/a>\n\t\t\t\t<\/div>\n\t\t\t\t\t\t\t\t<\/div>\n\t\t\t\t<\/div>\n\t\t\t\t<\/div>\n\t\t\t\t<\/div>\n\t\t\t\t<div class=\"elementor-element elementor-element-52aea43 elementor-hidden-desktop elementor-hidden-tablet elementor-hidden-mobile elementor-widget-divider--view-line elementor-widget elementor-widget-divider\" data-id=\"52aea43\" data-element_type=\"widget\" data-widget_type=\"divider.default\">\n\t\t\t\t<div class=\"elementor-widget-container\">\n\t\t\t\t\t\t\t<div class=\"elementor-divider\">\n\t\t\t<span class=\"elementor-divider-separator\">\n\t\t\t\t\t\t<\/span>\n\t\t<\/div>\n\t\t\t\t\t\t<\/div>\n\t\t\t\t<\/div>\n\t\t<div class=\"elementor-element elementor-element-1ca09c4 e-con-full e-flex e-con e-child\" data-id=\"1ca09c4\" data-element_type=\"container\">\n\t\t\t\t<div class=\"elementor-element elementor-element-206f407 elementor-widget elementor-widget-image\" data-id=\"206f407\" data-element_type=\"widget\" data-widget_type=\"image.default\">\n\t\t\t\t<div class=\"elementor-widget-container\">\n\t\t\t\t\t\t\t\t\t\t\t\t\t\t\t<img fetchpriority=\"high\" decoding=\"async\" width=\"800\" height=\"800\" src=\"https:\/\/www.seastarfestival.com\/wp-content\/uploads\/2024\/12\/avatar_SSF-2025_transparent-1.png\" class=\"attachment-large size-large wp-image-51706\" alt=\"\" srcset=\"https:\/\/www.seastarfestival.com\/wp-content\/uploads\/2024\/12\/avatar_SSF-2025_transparent-1.png 800w, https:\/\/www.seastarfestival.com\/wp-content\/uploads\/2024\/12\/avatar_SSF-2025_transparent-1-300x300.png 300w, https:\/\/www.seastarfestival.com\/wp-content\/uploads\/2024\/12\/avatar_SSF-2025_transparent-1-150x150.png 150w, https:\/\/www.seastarfestival.com\/wp-content\/uploads\/2024\/12\/avatar_SSF-2025_transparent-1-768x768.png 768w\" sizes=\"(max-width: 800px) 100vw, 800px\" \/>\t\t\t\t\t\t\t\t\t\t\t\t\t\t\t<\/div>\n\t\t\t\t<\/div>\n\t\t\t\t<div class=\"elementor-element elementor-element-66d002d elementor-widget-divider--view-line elementor-widget elementor-widget-divider\" data-id=\"66d002d\" data-element_type=\"widget\" data-widget_type=\"divider.default\">\n\t\t\t\t<div class=\"elementor-widget-container\">\n\t\t\t\t\t\t\t<div class=\"elementor-divider\">\n\t\t\t<span class=\"elementor-divider-separator\">\n\t\t\t\t\t\t<\/span>\n\t\t<\/div>\n\t\t\t\t\t\t<\/div>\n\t\t\t\t<\/div>\n\t\t\t\t<\/div>\n\t\t<div class=\"elementor-element elementor-element-b8e2a35 e-con-full e-flex e-con e-child\" data-id=\"b8e2a35\" data-element_type=\"container\">\n\t\t<div class=\"elementor-element elementor-element-cc07f9b e-con-full e-flex e-con e-child\" data-id=\"cc07f9b\" data-element_type=\"container\">\n\t\t\t\t<div class=\"elementor-element elementor-element-cdc086d elementor-widget elementor-widget-heading\" data-id=\"cdc086d\" data-element_type=\"widget\" data-widget_type=\"heading.default\">\n\t\t\t\t<div class=\"elementor-widget-container\">\n\t\t\t\t\t<h3 class=\"elementor-heading-title elementor-size-default\">Fotografije<\/h3>\t\t\t\t<\/div>\n\t\t\t\t<\/div>\n\t\t\t\t<div class=\"elementor-element elementor-element-9a29d5a elementor-widget__width-initial elementor-widget-mobile__width-inherit elementor-widget elementor-widget-text-editor\" data-id=\"9a29d5a\" data-element_type=\"widget\" data-widget_type=\"text-editor.default\">\n\t\t\t\t<div class=\"elementor-widget-container\">\n\t\t\t\t\t\t\t\t\t<p>Za fotografije s Sea Star 2024 obi\u0161\u010dite <a href=\"https:\/\/flickr.com\/photos\/seastarfestival\" target=\"_blank\" rel=\"noopener\">profil Sea Stara na Flickrju<\/a>.<\/p><p>Fotografije lahko uporabljate s podpisom ekipe Sea Star Photo.<\/p><p>\u010ce potrebujete fotografijo v visoki lo\u010dljivosti, nas kontaktirajte na <a href=\"mailto:press@exitfest.org\">press@exitfest.org<\/a>.<\/p>\t\t\t\t\t\t\t\t<\/div>\n\t\t\t\t<\/div>\n\t\t\t\t<\/div>\n\t\t<div class=\"elementor-element elementor-element-a4ab4a1 e-con-full e-flex e-con e-child\" data-id=\"a4ab4a1\" data-element_type=\"container\">\n\t\t\t\t<div class=\"elementor-element elementor-element-f6ac5de elementor-widget elementor-widget-heading\" data-id=\"f6ac5de\" data-element_type=\"widget\" data-widget_type=\"heading.default\">\n\t\t\t\t<div class=\"elementor-widget-container\">\n\t\t\t\t\t<h3 class=\"elementor-heading-title elementor-size-default\">Video<\/h3>\t\t\t\t<\/div>\n\t\t\t\t<\/div>\n\t\t\t\t<div class=\"elementor-element elementor-element-63f2406 elementor-widget__width-initial elementor-widget-mobile__width-inherit elementor-widget elementor-widget-text-editor\" data-id=\"63f2406\" data-element_type=\"widget\" data-widget_type=\"text-editor.default\">\n\t\t\t\t<div class=\"elementor-widget-container\">\n\t\t\t\t\t\t\t\t\t<p>Za video vsebine obi\u0161\u010dite uradni <a href=\"https:\/\/www.youtube.com\/@SeaStarFestival\" target=\"_blank\" rel=\"noopener\">YouTube kanal Sea Star festivala<\/a>.<\/p><p>\u010ce potrebujete dodatne HD materiale, nas kontaktirajte na <a href=\"mailto:press@exitfest.org\">press@exitfest.org<\/a>.<\/p>\t\t\t\t\t\t\t\t<\/div>\n\t\t\t\t<\/div>\n\t\t\t\t<\/div>\n\t\t\t\t<\/div>\n\t\t\t\t\t<\/div>\n\t\t\t\t<\/div>\n\t\t\t\t<\/div>\n\t\t","protected":false},"excerpt":{"rendered":"<p>Akreditacije za Sea Star Festival Odprte so prijave za medijske akreditacije za Sea Star Festival. Za akreditacijo predstavnikov medijev prosimo izpolnite prijavo na tej povezavi. Rok za oddajo prijav je nedelja, 11. maj 2025. Vse medijske hi\u0161e, katerih akreditacije bodo odobrene, bodo o tem obve\u0161\u010dene najkasneje do 16. maja 2025. Prijavite se Fotografije Za fotografije [&hellip;]<\/p>\n","protected":false},"author":1,"featured_media":59657,"parent":0,"menu_order":27,"comment_status":"closed","ping_status":"closed","template":"","meta":{"_acf_changed":false,"footnotes":""},"class_list":["post-5474","page","type-page","status-publish","has-post-thumbnail","hentry"],"acf":[],"_links":{"self":[{"href":"https:\/\/www.seastarfestival.com\/sl\/wp-json\/wp\/v2\/pages\/5474","targetHints":{"allow":["GET"]}}],"collection":[{"href":"https:\/\/www.seastarfestival.com\/sl\/wp-json\/wp\/v2\/pages"}],"about":[{"href":"https:\/\/www.seastarfestival.com\/sl\/wp-json\/wp\/v2\/types\/page"}],"author":[{"embeddable":true,"href":"https:\/\/www.seastarfestival.com\/sl\/wp-json\/wp\/v2\/users\/1"}],"replies":[{"embeddable":true,"href":"https:\/\/www.seastarfestival.com\/sl\/wp-json\/wp\/v2\/comments?post=5474"}],"version-history":[{"count":5,"href":"https:\/\/www.seastarfestival.com\/sl\/wp-json\/wp\/v2\/pages\/5474\/revisions"}],"predecessor-version":[{"id":55827,"href":"https:\/\/www.seastarfestival.com\/sl\/wp-json\/wp\/v2\/pages\/5474\/revisions\/55827"}],"wp:featuredmedia":[{"embeddable":true,"href":"https:\/\/www.seastarfestival.com\/sl\/wp-json\/wp\/v2\/media\/59657"}],"wp:attachment":[{"href":"https:\/\/www.seastarfestival.com\/sl\/wp-json\/wp\/v2\/media?parent=5474"}],"curies":[{"name":"wp","href":"https:\/\/api.w.org\/{rel}","templated":true}]}}