{"id":41005,"date":"2023-05-11T14:56:23","date_gmt":"2023-05-11T12:56:23","guid":{"rendered":"https:\/\/www.seastarfestival.com\/?page_id=41005"},"modified":"2025-12-05T10:51:56","modified_gmt":"2025-12-05T09:51:56","slug":"o-hts","status":"publish","type":"page","link":"https:\/\/www.seastarfestival.com\/sl\/o-hts","title":{"rendered":"O HTS"},"content":{"rendered":"\t\t<div data-elementor-type=\"wp-page\" data-elementor-id=\"41005\" class=\"elementor elementor-41005 elementor-40891\" data-elementor-post-type=\"page\">\n\t\t\t\t<div class=\"elementor-element elementor-element-2ef4406 e-con-full e-flex e-con e-parent\" data-id=\"2ef4406\" data-element_type=\"container\">\n\t\t\t\t<div class=\"elementor-element elementor-element-57c0c18 elementor-widget__width-initial elementor-widget elementor-widget-template\" data-id=\"57c0c18\" data-element_type=\"widget\" data-widget_type=\"template.default\">\n\t\t\t\t<div class=\"elementor-widget-container\">\n\t\t\t\t\t\t\t<div class=\"elementor-template\">\n\t\t\t\t\t<div data-elementor-type=\"section\" data-elementor-id=\"48415\" class=\"elementor elementor-48415\" data-elementor-post-type=\"elementor_library\">\n\t\t\t<div class=\"elementor-element elementor-element-ea336ad e-flex e-con-boxed e-con e-parent\" data-id=\"ea336ad\" data-element_type=\"container\" data-settings=\"{&quot;background_background&quot;:&quot;classic&quot;}\">\n\t\t\t\t\t<div class=\"e-con-inner\">\n\t\t<div class=\"elementor-element elementor-element-3faa944 e-con-full e-flex e-con e-child\" data-id=\"3faa944\" data-element_type=\"container\">\n\t\t<div class=\"elementor-element elementor-element-651e20c e-con-full e-flex e-con e-child\" data-id=\"651e20c\" data-element_type=\"container\">\n\t\t\t\t<div class=\"elementor-element elementor-element-43298c4 elementor-widget elementor-widget-heading\" data-id=\"43298c4\" data-element_type=\"widget\" data-widget_type=\"heading.default\">\n\t\t\t\t<div class=\"elementor-widget-container\">\n\t\t\t\t\t<h1 class=\"elementor-heading-title elementor-size-default\">O HTS<\/h1>\t\t\t\t<\/div>\n\t\t\t\t<\/div>\n\t\t\t\t<\/div>\n\t\t<div class=\"elementor-element elementor-element-5e6cad0 e-con-full e-flex e-con e-child\" data-id=\"5e6cad0\" data-element_type=\"container\">\n\t\t\t\t<div class=\"elementor-element elementor-element-5f0f275 elementor-align-right elementor-widget elementor-widget-breadcrumbs\" data-id=\"5f0f275\" data-element_type=\"widget\" data-widget_type=\"breadcrumbs.default\">\n\t\t\t\t<div class=\"elementor-widget-container\">\n\t\t\t\t\t<div id=\"breadcrumbs\"><span><span><a href=\"https:\/\/www.seastarfestival.com\/sl\">Po\u010detna<\/a><\/span><\/span><\/div>\t\t\t\t<\/div>\n\t\t\t\t<\/div>\n\t\t\t\t<\/div>\n\t\t\t\t<\/div>\n\t\t\t\t\t<\/div>\n\t\t\t\t<\/div>\n\t\t\t\t<\/div>\n\t\t\t\t<\/div>\n\t\t\t\t\t\t<\/div>\n\t\t\t\t<\/div>\n\t\t\t\t<\/div>\n\t\t<div class=\"elementor-element elementor-element-4638eb0 e-flex e-con-boxed e-con e-parent\" data-id=\"4638eb0\" data-element_type=\"container\">\n\t\t\t\t\t<div class=\"e-con-inner\">\n\t\t<div class=\"elementor-element elementor-element-6b8d19f e-flex e-con-boxed e-con e-child\" data-id=\"6b8d19f\" data-element_type=\"container\">\n\t\t\t\t\t<div class=\"e-con-inner\">\n\t\t\t\t<div class=\"elementor-element elementor-element-dda7ef1 elementor-widget elementor-widget-image\" data-id=\"dda7ef1\" data-element_type=\"widget\" data-widget_type=\"image.default\">\n\t\t\t\t<div class=\"elementor-widget-container\">\n\t\t\t\t\t\t\t\t\t\t\t\t<figure class=\"wp-caption\">\n\t\t\t\t\t\t\t\t\t\t\t<a href=\"https:\/\/seastarfestival.com\/wp-content\/uploads\/2024\/12\/dubrovnik-optimizirano-za-tisak-ivan-sardi.jpg\" data-elementor-open-lightbox=\"yes\" data-e-action-hash=\"#elementor-action%3Aaction%3Dlightbox%26settings%3DeyJpZCI6NDg3NDYsInVybCI6Imh0dHBzOlwvXC93d3cuc2Vhc3RhcmZlc3RpdmFsLmNvbVwvd3AtY29udGVudFwvdXBsb2Fkc1wvMjAyNFwvMTJcL2R1YnJvdm5pay1vcHRpbWl6aXJhbm8temEtdGlzYWstaXZhbi1zYXJkaS5qcGcifQ%3D%3D\">\n\t\t\t\t\t\t\t<img fetchpriority=\"high\" decoding=\"async\" width=\"2000\" height=\"1333\" src=\"https:\/\/www.seastarfestival.com\/wp-content\/uploads\/2024\/12\/dubrovnik-optimizirano-za-tisak-ivan-sardi.jpg\" class=\"attachment-full size-full wp-image-48746\" alt=\"\" srcset=\"https:\/\/www.seastarfestival.com\/wp-content\/uploads\/2024\/12\/dubrovnik-optimizirano-za-tisak-ivan-sardi.jpg 2000w, https:\/\/www.seastarfestival.com\/wp-content\/uploads\/2024\/12\/dubrovnik-optimizirano-za-tisak-ivan-sardi-300x200.jpg 300w, https:\/\/www.seastarfestival.com\/wp-content\/uploads\/2024\/12\/dubrovnik-optimizirano-za-tisak-ivan-sardi-1024x682.jpg 1024w, https:\/\/www.seastarfestival.com\/wp-content\/uploads\/2024\/12\/dubrovnik-optimizirano-za-tisak-ivan-sardi-768x512.jpg 768w, https:\/\/www.seastarfestival.com\/wp-content\/uploads\/2024\/12\/dubrovnik-optimizirano-za-tisak-ivan-sardi-1536x1024.jpg 1536w\" sizes=\"(max-width: 2000px) 100vw, 2000px\" \/>\t\t\t\t\t\t\t\t<\/a>\n\t\t\t\t\t\t\t\t\t\t\t<figcaption class=\"widget-image-caption wp-caption-text\">Foto: Hrvatska turisti\u010dka zajednica, Ivan \u0160ardi<\/figcaption>\n\t\t\t\t\t\t\t\t\t\t<\/figure>\n\t\t\t\t\t\t\t\t\t<\/div>\n\t\t\t\t<\/div>\n\t\t<div class=\"elementor-element elementor-element-6da7320 e-flex e-con-boxed e-con e-child\" data-id=\"6da7320\" data-element_type=\"container\">\n\t\t\t\t\t<div class=\"e-con-inner\">\n\t\t\t\t<div class=\"elementor-element elementor-element-f961331 elementor-widget elementor-widget-heading\" data-id=\"f961331\" data-element_type=\"widget\" data-widget_type=\"heading.default\">\n\t\t\t\t<div class=\"elementor-widget-container\">\n\t\t\t\t\t<h2 class=\"elementor-heading-title elementor-size-default\">Hrva\u0161ka turisti\u010dna skupnost<\/h2>\t\t\t\t<\/div>\n\t\t\t\t<\/div>\n\t\t\t\t<div class=\"elementor-element elementor-element-8982f2a elementor-widget elementor-widget-text-editor\" data-id=\"8982f2a\" data-element_type=\"widget\" data-widget_type=\"text-editor.default\">\n\t\t\t\t<div class=\"elementor-widget-container\">\n\t\t\t\t\t\t\t\t\t<p><strong>Hrva\u0161ka turisti\u010dna skupnost (HTZ)<\/strong> je nacionalna turisti\u010dna organizacija, ustanovljena z namenom oblikovanja in promocije prepoznavne identitete ter ugleda hrva\u0161kega turizma doma in po svetu.<\/p><p>Delovanje HTZ zajema na\u010drtovanje in izvajanje celovitih promocijskih strategij, predlaganje ter uresni\u010devanje aktivnosti, ki so v skupnem interesu turisti\u010dnega sektorja, ter dvig kakovosti celotne turisti\u010dne ponudbe Hrva\u0161ke.<\/p>\t\t\t\t\t\t\t\t<\/div>\n\t\t\t\t<\/div>\n\t\t\t\t<div class=\"elementor-element elementor-element-8a6c414 elementor-align-justify elementor-widget elementor-widget-button\" data-id=\"8a6c414\" data-element_type=\"widget\" data-widget_type=\"button.default\">\n\t\t\t\t<div class=\"elementor-widget-container\">\n\t\t\t\t\t\t\t\t\t<div class=\"elementor-button-wrapper\">\n\t\t\t\t\t<a class=\"elementor-button elementor-button-link elementor-size-sm\" href=\"https:\/\/croatia.hr\/\" target=\"_blank\">\n\t\t\t\t\t\t<span class=\"elementor-button-content-wrapper\">\n\t\t\t\t\t\t<span class=\"elementor-button-icon\">\n\t\t\t\t<svg aria-hidden=\"true\" class=\"e-font-icon-svg e-fas-external-link-alt\" viewBox=\"0 0 512 512\" xmlns=\"http:\/\/www.w3.org\/2000\/svg\"><path d=\"M432,320H400a16,16,0,0,0-16,16V448H64V128H208a16,16,0,0,0,16-16V80a16,16,0,0,0-16-16H48A48,48,0,0,0,0,112V464a48,48,0,0,0,48,48H400a48,48,0,0,0,48-48V336A16,16,0,0,0,432,320ZM488,0h-128c-21.37,0-32.05,25.91-17,41l35.73,35.73L135,320.37a24,24,0,0,0,0,34L157.67,377a24,24,0,0,0,34,0L435.28,133.32,471,169c15,15,41,4.5,41-17V24A24,24,0,0,0,488,0Z\"><\/path><\/svg>\t\t\t<\/span>\n\t\t\t\t\t\t\t\t\t<span class=\"elementor-button-text\">Obi\u0161\u010dite spletno stran<\/span>\n\t\t\t\t\t<\/span>\n\t\t\t\t\t<\/a>\n\t\t\t\t<\/div>\n\t\t\t\t\t\t\t\t<\/div>\n\t\t\t\t<\/div>\n\t\t\t\t\t<\/div>\n\t\t\t\t<\/div>\n\t\t\t\t\t<\/div>\n\t\t\t\t<\/div>\n\t\t\t\t\t<\/div>\n\t\t\t\t<\/div>\n\t\t\t\t<\/div>\n\t\t","protected":false},"excerpt":{"rendered":"<p>Foto: Hrvatska turisti\u010dka zajednica, Ivan \u0160ardi Hrva\u0161ka turisti\u010dna skupnost Hrva\u0161ka turisti\u010dna skupnost (HTZ) je nacionalna turisti\u010dna organizacija, ustanovljena z namenom oblikovanja in promocije prepoznavne identitete ter ugleda hrva\u0161kega turizma doma in po svetu. Delovanje HTZ zajema na\u010drtovanje in izvajanje celovitih promocijskih strategij, predlaganje ter uresni\u010devanje aktivnosti, ki so v skupnem interesu turisti\u010dnega sektorja, ter dvig [&hellip;]<\/p>\n","protected":false},"author":1,"featured_media":59657,"parent":0,"menu_order":6,"comment_status":"closed","ping_status":"closed","template":"","meta":{"_acf_changed":false,"footnotes":""},"class_list":["post-41005","page","type-page","status-publish","has-post-thumbnail","hentry"],"acf":[],"_links":{"self":[{"href":"https:\/\/www.seastarfestival.com\/sl\/wp-json\/wp\/v2\/pages\/41005","targetHints":{"allow":["GET"]}}],"collection":[{"href":"https:\/\/www.seastarfestival.com\/sl\/wp-json\/wp\/v2\/pages"}],"about":[{"href":"https:\/\/www.seastarfestival.com\/sl\/wp-json\/wp\/v2\/types\/page"}],"author":[{"embeddable":true,"href":"https:\/\/www.seastarfestival.com\/sl\/wp-json\/wp\/v2\/users\/1"}],"replies":[{"embeddable":true,"href":"https:\/\/www.seastarfestival.com\/sl\/wp-json\/wp\/v2\/comments?post=41005"}],"version-history":[{"count":7,"href":"https:\/\/www.seastarfestival.com\/sl\/wp-json\/wp\/v2\/pages\/41005\/revisions"}],"predecessor-version":[{"id":59841,"href":"https:\/\/www.seastarfestival.com\/sl\/wp-json\/wp\/v2\/pages\/41005\/revisions\/59841"}],"wp:featuredmedia":[{"embeddable":true,"href":"https:\/\/www.seastarfestival.com\/sl\/wp-json\/wp\/v2\/media\/59657"}],"wp:attachment":[{"href":"https:\/\/www.seastarfestival.com\/sl\/wp-json\/wp\/v2\/media?parent=41005"}],"curies":[{"name":"wp","href":"https:\/\/api.w.org\/{rel}","templated":true}]}}