{"id":25879,"date":"2022-02-03T19:05:54","date_gmt":"2022-02-03T18:05:54","guid":{"rendered":"https:\/\/www.seastarfestival.com\/?page_id=25879"},"modified":"2025-01-02T10:23:27","modified_gmt":"2025-01-02T09:23:27","slug":"lokacija","status":"publish","type":"page","link":"https:\/\/www.seastarfestival.com\/sl\/lokacija","title":{"rendered":"Lokacija"},"content":{"rendered":"\t\t<div data-elementor-type=\"wp-page\" data-elementor-id=\"25879\" class=\"elementor elementor-25879 elementor-25806\" data-elementor-post-type=\"page\">\n\t\t\t\t<div class=\"elementor-element elementor-element-2ff5fa5 e-con-full e-flex e-con e-parent\" data-id=\"2ff5fa5\" data-element_type=\"container\">\n\t\t\t\t<div class=\"elementor-element elementor-element-ab8162f elementor-widget__width-initial elementor-widget elementor-widget-template\" data-id=\"ab8162f\" data-element_type=\"widget\" data-widget_type=\"template.default\">\n\t\t\t\t<div class=\"elementor-widget-container\">\n\t\t\t\t\t\t\t<div class=\"elementor-template\">\n\t\t\t\t\t<div data-elementor-type=\"section\" data-elementor-id=\"48415\" class=\"elementor elementor-48415\" data-elementor-post-type=\"elementor_library\">\n\t\t\t<div class=\"elementor-element elementor-element-ea336ad e-flex e-con-boxed e-con e-parent\" data-id=\"ea336ad\" data-element_type=\"container\" data-settings=\"{&quot;background_background&quot;:&quot;classic&quot;}\">\n\t\t\t\t\t<div class=\"e-con-inner\">\n\t\t<div class=\"elementor-element elementor-element-3faa944 e-con-full e-flex e-con e-child\" data-id=\"3faa944\" data-element_type=\"container\">\n\t\t<div class=\"elementor-element elementor-element-651e20c e-con-full e-flex e-con e-child\" data-id=\"651e20c\" data-element_type=\"container\">\n\t\t\t\t<div class=\"elementor-element elementor-element-43298c4 elementor-widget elementor-widget-heading\" data-id=\"43298c4\" data-element_type=\"widget\" data-widget_type=\"heading.default\">\n\t\t\t\t<div class=\"elementor-widget-container\">\n\t\t\t\t\t<h1 class=\"elementor-heading-title elementor-size-default\">Lokacija<\/h1>\t\t\t\t<\/div>\n\t\t\t\t<\/div>\n\t\t\t\t<\/div>\n\t\t<div class=\"elementor-element elementor-element-5e6cad0 e-con-full e-flex e-con e-child\" data-id=\"5e6cad0\" data-element_type=\"container\">\n\t\t\t\t<div class=\"elementor-element elementor-element-5f0f275 elementor-align-right elementor-widget elementor-widget-breadcrumbs\" data-id=\"5f0f275\" data-element_type=\"widget\" data-widget_type=\"breadcrumbs.default\">\n\t\t\t\t<div class=\"elementor-widget-container\">\n\t\t\t\t\t<div id=\"breadcrumbs\"><span><span><a href=\"https:\/\/www.seastarfestival.com\/sl\">Po\u010detna<\/a><\/span><\/span><\/div>\t\t\t\t<\/div>\n\t\t\t\t<\/div>\n\t\t\t\t<\/div>\n\t\t\t\t<\/div>\n\t\t\t\t\t<\/div>\n\t\t\t\t<\/div>\n\t\t\t\t<\/div>\n\t\t\t\t<\/div>\n\t\t\t\t\t\t<\/div>\n\t\t\t\t<\/div>\n\t\t\t\t<\/div>\n\t\t<div class=\"elementor-element elementor-element-4a0cf3b e-flex e-con-boxed e-con e-parent\" data-id=\"4a0cf3b\" data-element_type=\"container\">\n\t\t\t\t\t<div class=\"e-con-inner\">\n\t\t<div class=\"elementor-element elementor-element-3792558 e-con-full e-flex e-con e-child\" data-id=\"3792558\" data-element_type=\"container\">\n\t\t\t\t<div class=\"elementor-element elementor-element-84ae89f elementor-widget elementor-widget-heading\" data-id=\"84ae89f\" data-element_type=\"widget\" data-widget_type=\"heading.default\">\n\t\t\t\t<div class=\"elementor-widget-container\">\n\t\t\t\t\t<h2 class=\"elementor-heading-title elementor-size-default\">Prebujanje festivalskega poletja!<\/h2>\t\t\t\t<\/div>\n\t\t\t\t<\/div>\n\t\t\t\t<div class=\"elementor-element elementor-element-77d2428 elementor-widget elementor-widget-text-editor\" data-id=\"77d2428\" data-element_type=\"widget\" data-widget_type=\"text-editor.default\">\n\t\t\t\t<div class=\"elementor-widget-container\">\n\t\t\t\t\t\t\t\t\t<p>Istra je ena najlep\u0161ih hrva\u0161kih regij, to oznako pa si je prislu\u017eila prav zaradi \u010dudovite narave, odli\u010dne gastronomije in prijetnega podnebja. S svojimi <strong>lepotami in kulturnimi vsebinami<\/strong> privablja \u0161tevilne goste in turiste skozi vse leto. Prednost je tudi bli\u017eina Slovenije, zaradi \u010desar je postala priljubljena lokacija za t.i. vikend pobege.<\/p>\t\t\t\t\t\t\t\t<\/div>\n\t\t\t\t<\/div>\n\t\t\t\t<div class=\"elementor-element elementor-element-8e1a62b elementor-widget elementor-widget-image\" data-id=\"8e1a62b\" data-element_type=\"widget\" data-widget_type=\"image.default\">\n\t\t\t\t<div class=\"elementor-widget-container\">\n\t\t\t\t\t\t\t\t\t\t\t\t\t\t\t\t<a href=\"https:\/\/seastarfestival.com\/wp-content\/uploads\/2024\/12\/1200x800_Umag_drone-1.jpg\" data-elementor-open-lightbox=\"yes\" data-e-action-hash=\"#elementor-action%3Aaction%3Dlightbox%26settings%3DeyJpZCI6NDkzODQsInVybCI6Imh0dHBzOlwvXC93d3cuc2Vhc3RhcmZlc3RpdmFsLmNvbVwvd3AtY29udGVudFwvdXBsb2Fkc1wvMjAyNFwvMTJcLzEyMDB4ODAwX1VtYWdfZHJvbmUtMS5qcGcifQ%3D%3D\">\n\t\t\t\t\t\t\t<img fetchpriority=\"high\" decoding=\"async\" width=\"800\" height=\"534\" src=\"https:\/\/www.seastarfestival.com\/wp-content\/uploads\/2024\/12\/1200x800_Umag_drone-1-1024x683.jpg\" class=\"attachment-large size-large wp-image-49384\" alt=\"\" srcset=\"https:\/\/www.seastarfestival.com\/wp-content\/uploads\/2024\/12\/1200x800_Umag_drone-1-1024x683.jpg 1024w, https:\/\/www.seastarfestival.com\/wp-content\/uploads\/2024\/12\/1200x800_Umag_drone-1-300x200.jpg 300w, https:\/\/www.seastarfestival.com\/wp-content\/uploads\/2024\/12\/1200x800_Umag_drone-1-768x512.jpg 768w, https:\/\/www.seastarfestival.com\/wp-content\/uploads\/2024\/12\/1200x800_Umag_drone-1.jpg 1200w\" sizes=\"(max-width: 800px) 100vw, 800px\" \/>\t\t\t\t\t\t\t\t<\/a>\n\t\t\t\t\t\t\t\t\t\t\t\t\t\t\t<\/div>\n\t\t\t\t<\/div>\n\t\t\t\t<div class=\"elementor-element elementor-element-e37b878 elementor-widget elementor-widget-text-editor\" data-id=\"e37b878\" data-element_type=\"widget\" data-widget_type=\"text-editor.default\">\n\t\t\t\t<div class=\"elementor-widget-container\">\n\t\t\t\t\t\t\t\t\tPoleg u\u017eivanja v naravnih lepotah je posebnost Istre, natan\u010dneje Umaga, bogato kulturno dogajanje, ki ga \u017ee leta vodi Festival Sea Star. Zadnji vikend v maju se je izkazal kot idealen za glasbeni festival, ki v \u010dudovito laguno Stella Maris \u017ee leta privablja najbolj\u0161e aktualne svetovne glasbenike ter goste z vsega sveta.\n\t\t\t\t\t\t\t\t<\/div>\n\t\t\t\t<\/div>\n\t\t\t\t<div class=\"elementor-element elementor-element-b36d963 elementor-widget elementor-widget-image\" data-id=\"b36d963\" data-element_type=\"widget\" data-widget_type=\"image.default\">\n\t\t\t\t<div class=\"elementor-widget-container\">\n\t\t\t\t\t\t\t\t\t\t\t\t\t\t\t\t<a href=\"https:\/\/seastarfestival.com\/wp-content\/uploads\/2024\/12\/1200x800_dron-3-1.jpg\" data-elementor-open-lightbox=\"yes\" data-e-action-hash=\"#elementor-action%3Aaction%3Dlightbox%26settings%3DeyJpZCI6NDkzOTAsInVybCI6Imh0dHBzOlwvXC93d3cuc2Vhc3RhcmZlc3RpdmFsLmNvbVwvd3AtY29udGVudFwvdXBsb2Fkc1wvMjAyNFwvMTJcLzEyMDB4ODAwX2Ryb24tMy0xLmpwZyJ9\">\n\t\t\t\t\t\t\t<img decoding=\"async\" width=\"800\" height=\"534\" src=\"https:\/\/www.seastarfestival.com\/wp-content\/uploads\/2024\/12\/1200x800_dron-3-1-1024x683.jpg\" class=\"attachment-large size-large wp-image-49390\" alt=\"\" srcset=\"https:\/\/www.seastarfestival.com\/wp-content\/uploads\/2024\/12\/1200x800_dron-3-1-1024x683.jpg 1024w, https:\/\/www.seastarfestival.com\/wp-content\/uploads\/2024\/12\/1200x800_dron-3-1-300x200.jpg 300w, https:\/\/www.seastarfestival.com\/wp-content\/uploads\/2024\/12\/1200x800_dron-3-1-768x512.jpg 768w, https:\/\/www.seastarfestival.com\/wp-content\/uploads\/2024\/12\/1200x800_dron-3-1.jpg 1200w\" sizes=\"(max-width: 800px) 100vw, 800px\" \/>\t\t\t\t\t\t\t\t<\/a>\n\t\t\t\t\t\t\t\t\t\t\t\t\t\t\t<\/div>\n\t\t\t\t<\/div>\n\t\t\t\t<div class=\"elementor-element elementor-element-9a89fd9 elementor-widget elementor-widget-heading\" data-id=\"9a89fd9\" data-element_type=\"widget\" data-widget_type=\"heading.default\">\n\t\t\t\t<div class=\"elementor-widget-container\">\n\t\t\t\t\t<h2 class=\"elementor-heading-title elementor-size-default\">Zakaj je Umag tako poseben?<\/h2>\t\t\t\t<\/div>\n\t\t\t\t<\/div>\n\t\t\t\t<div class=\"elementor-element elementor-element-c278d84 elementor-widget elementor-widget-text-editor\" data-id=\"c278d84\" data-element_type=\"widget\" data-widget_type=\"text-editor.default\">\n\t\t\t\t<div class=\"elementor-widget-container\">\n\t\t\t\t\t\t\t\t\t<p><strong>Umag<\/strong>, mesto na severozahodni to\u010dki neverjetne hrva\u0161ke obale, ni le kombinacija baro\u010dne in <strong>renesan\u010dne kulture<\/strong>, dih jemajo\u010dega sredozemskega podnebja, ampak je tudi dom Sea Star Festivala.<\/p><p>S \u0161tevilnimi znamenitostmi, vklju\u010dno s \u010dudovitimi gri\u010di z utrdbami in \u010darobno laguno Stella Maris, je to hrva\u0161ko mesto popoln kraj za neskon\u010dne no\u010di na pla\u017ei in plesne zabave do jutra.<\/p><p>Dnevi so idealni za oglede in spoznavanje istrske gastronomije, za katero je norel ves svet. Tako blizu, a vseeno se boste po\u010dutili, kot da ste \u0161li dovolj dale\u010d, da se lahko popolnoma sprostite.<\/p>\t\t\t\t\t\t\t\t<\/div>\n\t\t\t\t<\/div>\n\t\t\t\t<div class=\"elementor-element elementor-element-59aebe6 elementor-widget elementor-widget-image\" data-id=\"59aebe6\" data-element_type=\"widget\" data-widget_type=\"image.default\">\n\t\t\t\t<div class=\"elementor-widget-container\">\n\t\t\t\t\t\t\t\t\t\t\t\t\t\t\t\t<a href=\"https:\/\/seastarfestival.com\/wp-content\/uploads\/2024\/12\/1200x800_Umag_oldtown-1-1.jpg\" data-elementor-open-lightbox=\"yes\" data-e-action-hash=\"#elementor-action%3Aaction%3Dlightbox%26settings%3DeyJpZCI6NDkzOTYsInVybCI6Imh0dHBzOlwvXC93d3cuc2Vhc3RhcmZlc3RpdmFsLmNvbVwvd3AtY29udGVudFwvdXBsb2Fkc1wvMjAyNFwvMTJcLzEyMDB4ODAwX1VtYWdfb2xkdG93bi0xLTEuanBnIn0%3D\">\n\t\t\t\t\t\t\t<img decoding=\"async\" width=\"800\" height=\"534\" src=\"https:\/\/www.seastarfestival.com\/wp-content\/uploads\/2024\/12\/1200x800_Umag_oldtown-1-1-1024x683.jpg\" class=\"attachment-large size-large wp-image-49396\" alt=\"\" srcset=\"https:\/\/www.seastarfestival.com\/wp-content\/uploads\/2024\/12\/1200x800_Umag_oldtown-1-1-1024x683.jpg 1024w, https:\/\/www.seastarfestival.com\/wp-content\/uploads\/2024\/12\/1200x800_Umag_oldtown-1-1-300x200.jpg 300w, https:\/\/www.seastarfestival.com\/wp-content\/uploads\/2024\/12\/1200x800_Umag_oldtown-1-1-768x512.jpg 768w, https:\/\/www.seastarfestival.com\/wp-content\/uploads\/2024\/12\/1200x800_Umag_oldtown-1-1.jpg 1200w\" sizes=\"(max-width: 800px) 100vw, 800px\" \/>\t\t\t\t\t\t\t\t<\/a>\n\t\t\t\t\t\t\t\t\t\t\t\t\t\t\t<\/div>\n\t\t\t\t<\/div>\n\t\t\t\t<div class=\"elementor-element elementor-element-f0e738e elementor-widget elementor-widget-heading\" data-id=\"f0e738e\" data-element_type=\"widget\" data-widget_type=\"heading.default\">\n\t\t\t\t<div class=\"elementor-widget-container\">\n\t\t\t\t\t<h2 class=\"elementor-heading-title elementor-size-default\">Stadion Goran Ivani\u0161evi\u0107 ATP<\/h2>\t\t\t\t<\/div>\n\t\t\t\t<\/div>\n\t\t\t\t<div class=\"elementor-element elementor-element-80b0217 elementor-widget elementor-widget-text-editor\" data-id=\"80b0217\" data-element_type=\"widget\" data-widget_type=\"text-editor.default\">\n\t\t\t\t<div class=\"elementor-widget-container\">\n\t\t\t\t\t\t\t\t\t<p>Poleg (najljub\u0161ega) Sea Star Festivala je Umag dom turnirja ATP Croatia Open Umag. Teni\u0161ke tekme potekajo na stadionu Goran Ivani\u0161evi\u0107 ATP, ki se nahaja na pla\u017ei v laguni.<\/p><p>Med festivalom Sea Star ta isti stadion postane <strong>Nautilus Arena<\/strong>, ki je od leta 2017 pa do danes gostila \u0161tevilne svetovne glasbenike.<\/p>\t\t\t\t\t\t\t\t<\/div>\n\t\t\t\t<\/div>\n\t\t\t\t<div class=\"elementor-element elementor-element-712a6eb elementor-widget elementor-widget-image\" data-id=\"712a6eb\" data-element_type=\"widget\" data-widget_type=\"image.default\">\n\t\t\t\t<div class=\"elementor-widget-container\">\n\t\t\t\t\t\t\t\t\t\t\t\t\t\t\t\t<a href=\"https:\/\/seastarfestival.com\/wp-content\/uploads\/2024\/12\/1200x800-SSF_02-1-1.jpg\" data-elementor-open-lightbox=\"yes\" data-e-action-hash=\"#elementor-action%3Aaction%3Dlightbox%26settings%3DeyJpZCI6NDk0MDIsInVybCI6Imh0dHBzOlwvXC93d3cuc2Vhc3RhcmZlc3RpdmFsLmNvbVwvd3AtY29udGVudFwvdXBsb2Fkc1wvMjAyNFwvMTJcLzEyMDB4ODAwLVNTRl8wMi0xLTEuanBnIn0%3D\">\n\t\t\t\t\t\t\t<img loading=\"lazy\" decoding=\"async\" width=\"800\" height=\"534\" src=\"https:\/\/www.seastarfestival.com\/wp-content\/uploads\/2024\/12\/1200x800-SSF_02-1-1-1024x683.jpg\" class=\"attachment-large size-large wp-image-49402\" alt=\"\" srcset=\"https:\/\/www.seastarfestival.com\/wp-content\/uploads\/2024\/12\/1200x800-SSF_02-1-1-1024x683.jpg 1024w, https:\/\/www.seastarfestival.com\/wp-content\/uploads\/2024\/12\/1200x800-SSF_02-1-1-300x200.jpg 300w, https:\/\/www.seastarfestival.com\/wp-content\/uploads\/2024\/12\/1200x800-SSF_02-1-1-768x512.jpg 768w, https:\/\/www.seastarfestival.com\/wp-content\/uploads\/2024\/12\/1200x800-SSF_02-1-1.jpg 1200w\" sizes=\"(max-width: 800px) 100vw, 800px\" \/>\t\t\t\t\t\t\t\t<\/a>\n\t\t\t\t\t\t\t\t\t\t\t\t\t\t\t<\/div>\n\t\t\t\t<\/div>\n\t\t\t\t<div class=\"elementor-element elementor-element-dc1f886 elementor-widget elementor-widget-text-editor\" data-id=\"dc1f886\" data-element_type=\"widget\" data-widget_type=\"text-editor.default\">\n\t\t\t\t<div class=\"elementor-widget-container\">\n\t\t\t\t\t\t\t\t\t<p>Skratka, Umag je popolna lokacija, nedale\u010d od doma, ki vam bo dala popoln ob\u010dutek sprostitve in zabave. S festivalom Sea Star, ki <strong>se dogaja na pla\u017ei, se lahko vsako va\u0161e poletje za\u010dne na najbolj\u0161i mo\u017eeni na\u010din<\/strong>. Spomini nastajajo zadnji vikend v maju.<\/p>\t\t\t\t\t\t\t\t<\/div>\n\t\t\t\t<\/div>\n\t\t\t\t<\/div>\n\t\t\t\t\t<\/div>\n\t\t\t\t<\/div>\n\t\t\t\t<\/div>\n\t\t","protected":false},"excerpt":{"rendered":"<p>Prebujanje festivalskega poletja! Istra je ena najlep\u0161ih hrva\u0161kih regij, to oznako pa si je prislu\u017eila prav zaradi \u010dudovite narave, odli\u010dne gastronomije in prijetnega podnebja. S svojimi lepotami in kulturnimi vsebinami privablja \u0161tevilne goste in turiste skozi vse leto. Prednost je tudi bli\u017eina Slovenije, zaradi \u010desar je postala priljubljena lokacija za t.i. vikend pobege. Poleg u\u017eivanja [&hellip;]<\/p>\n","protected":false},"author":1,"featured_media":59657,"parent":0,"menu_order":4,"comment_status":"closed","ping_status":"closed","template":"","meta":{"_acf_changed":false,"footnotes":""},"class_list":["post-25879","page","type-page","status-publish","has-post-thumbnail","hentry"],"acf":[],"_links":{"self":[{"href":"https:\/\/www.seastarfestival.com\/sl\/wp-json\/wp\/v2\/pages\/25879","targetHints":{"allow":["GET"]}}],"collection":[{"href":"https:\/\/www.seastarfestival.com\/sl\/wp-json\/wp\/v2\/pages"}],"about":[{"href":"https:\/\/www.seastarfestival.com\/sl\/wp-json\/wp\/v2\/types\/page"}],"author":[{"embeddable":true,"href":"https:\/\/www.seastarfestival.com\/sl\/wp-json\/wp\/v2\/users\/1"}],"replies":[{"embeddable":true,"href":"https:\/\/www.seastarfestival.com\/sl\/wp-json\/wp\/v2\/comments?post=25879"}],"version-history":[{"count":1,"href":"https:\/\/www.seastarfestival.com\/sl\/wp-json\/wp\/v2\/pages\/25879\/revisions"}],"predecessor-version":[{"id":52827,"href":"https:\/\/www.seastarfestival.com\/sl\/wp-json\/wp\/v2\/pages\/25879\/revisions\/52827"}],"wp:featuredmedia":[{"embeddable":true,"href":"https:\/\/www.seastarfestival.com\/sl\/wp-json\/wp\/v2\/media\/59657"}],"wp:attachment":[{"href":"https:\/\/www.seastarfestival.com\/sl\/wp-json\/wp\/v2\/media?parent=25879"}],"curies":[{"name":"wp","href":"https:\/\/api.w.org\/{rel}","templated":true}]}}