{"id":17322,"date":"2019-12-04T09:24:06","date_gmt":"2019-12-04T08:24:06","guid":{"rendered":"https:\/\/www.seastarfestival.com\/?page_id=17322"},"modified":"2025-04-15T20:31:19","modified_gmt":"2025-04-15T18:31:19","slug":"politika-zasebnosti","status":"publish","type":"page","link":"https:\/\/www.seastarfestival.com\/sl\/politika-zasebnosti","title":{"rendered":"Politika zasebnosti"},"content":{"rendered":"\t\t<div data-elementor-type=\"wp-page\" data-elementor-id=\"17322\" class=\"elementor elementor-17322 elementor-17313\" data-elementor-post-type=\"page\">\n\t\t\t\t<div class=\"elementor-element elementor-element-38f4e35 e-con-full e-flex e-con e-parent\" data-id=\"38f4e35\" data-element_type=\"container\" data-e-type=\"container\">\n\t\t\t\t<div class=\"elementor-element elementor-element-052e5d7 elementor-widget__width-initial elementor-widget elementor-widget-template\" data-id=\"052e5d7\" data-element_type=\"widget\" data-e-type=\"widget\" data-widget_type=\"template.default\">\n\t\t\t\t<div class=\"elementor-widget-container\">\n\t\t\t\t\t\t\t<div class=\"elementor-template\">\n\t\t\t\t\t<div data-elementor-type=\"section\" data-elementor-id=\"48415\" class=\"elementor elementor-48415\" data-elementor-post-type=\"elementor_library\">\n\t\t\t<div class=\"elementor-element elementor-element-ea336ad e-flex e-con-boxed e-con e-parent\" data-id=\"ea336ad\" data-element_type=\"container\" data-e-type=\"container\" data-settings=\"{&quot;background_background&quot;:&quot;classic&quot;}\">\n\t\t\t\t\t<div class=\"e-con-inner\">\n\t\t<div class=\"elementor-element elementor-element-3faa944 e-con-full e-flex e-con e-child\" data-id=\"3faa944\" data-element_type=\"container\" data-e-type=\"container\">\n\t\t<div class=\"elementor-element elementor-element-651e20c e-con-full e-flex e-con e-child\" data-id=\"651e20c\" data-element_type=\"container\" data-e-type=\"container\">\n\t\t\t\t<div class=\"elementor-element elementor-element-43298c4 elementor-widget elementor-widget-heading\" data-id=\"43298c4\" data-element_type=\"widget\" data-e-type=\"widget\" data-widget_type=\"heading.default\">\n\t\t\t\t<div class=\"elementor-widget-container\">\n\t\t\t\t\t<h1 class=\"elementor-heading-title elementor-size-default\">Politika zasebnosti<\/h1>\t\t\t\t<\/div>\n\t\t\t\t<\/div>\n\t\t\t\t<\/div>\n\t\t<div class=\"elementor-element elementor-element-5e6cad0 e-con-full e-flex e-con e-child\" data-id=\"5e6cad0\" data-element_type=\"container\" data-e-type=\"container\">\n\t\t\t\t<div class=\"elementor-element elementor-element-5f0f275 elementor-align-right elementor-widget elementor-widget-breadcrumbs\" data-id=\"5f0f275\" data-element_type=\"widget\" data-e-type=\"widget\" data-widget_type=\"breadcrumbs.default\">\n\t\t\t\t<div class=\"elementor-widget-container\">\n\t\t\t\t\t<div id=\"breadcrumbs\"><span><span><a href=\"https:\/\/www.seastarfestival.com\/sl\">Po\u010detna<\/a><\/span><\/span><\/div>\t\t\t\t<\/div>\n\t\t\t\t<\/div>\n\t\t\t\t<\/div>\n\t\t\t\t<\/div>\n\t\t\t\t\t<\/div>\n\t\t\t\t<\/div>\n\t\t\t\t<\/div>\n\t\t\t\t<\/div>\n\t\t\t\t\t\t<\/div>\n\t\t\t\t<\/div>\n\t\t\t\t<\/div>\n\t\t<div class=\"elementor-element elementor-element-8647624 e-flex e-con-boxed e-con e-parent\" data-id=\"8647624\" data-element_type=\"container\" data-e-type=\"container\">\n\t\t\t\t\t<div class=\"e-con-inner\">\n\t\t<div class=\"elementor-element elementor-element-2e0f082 e-con-full e-flex e-con e-child\" data-id=\"2e0f082\" data-element_type=\"container\" data-e-type=\"container\">\n\t\t\t\t<div class=\"elementor-element elementor-element-c540c8c elementor-widget elementor-widget-text-editor\" data-id=\"c540c8c\" data-element_type=\"widget\" data-e-type=\"widget\" data-widget_type=\"text-editor.default\">\n\t\t\t\t<div class=\"elementor-widget-container\">\n\t\t\t\t\t\t\t\t\t<p><strong><em>Zadnja posodobitev: 17.12.2019.<\/em><\/strong><\/p><p>EMC d.o.o. (naslov: Ribnjak 12-14, 10000 Zagreb, Hrva\u0161ka; e-po\u0161ta: <a href=\"mailto:info@seastarfestival.me\">info@seastarfestival.me<\/a>), <a href=\"https:\/\/www.seastarfestival.com\/en\/\">www.seastarfestival.com<\/a>, (v nadaljevanju: Spletna stran) si prizadeva ponuditi storitve najvi\u0161je kakovosti, prilagojene za uporabo \u010dim ve\u010d uporabnikov. Da bi pri tem dosegli najve\u010djo u\u010dinkovitost, zbiramo naslednje vrste informacij:<\/p><h2><strong>Javni podatki<\/strong><\/h2><p>Na\u010deloma je mogo\u010de uporabljati Spletno stran, ne da bi razkrili svojo identiteto ali druge z njo povezane informacije.<\/p><p>Ob obisku Spletne strani zbiramo podatke, ki ustvarjajo uporabni\u0161ke zapise, ki niso zadostni za identifikacijo dolo\u010dene osebe, vendar slu\u017eijo kot statisti\u010dni kazalniki za izbolj\u0161anje kakovosti storitev. Tak\u0161ni podatki lahko vklju\u010dujejo \u0161tevilo obiskov, povpre\u010den \u010das pre\u017eivet na strani, vrsto ra\u010dunalnika, vrsto mobilne naprave, tehni\u010dne informacije o uporabnikovi povezavi, operacijski sistem, ponudnika internetnih storitev in zgolj IP-naslov, ki ga dolo\u010di ISP in je za vsakega uporabnika druga\u010den.<\/p><h2><strong>Osebni podatki<\/strong><\/h2><p>Pri vsakem stiku, vzpostavljenem prek kontaktnega obrazca, e-po\u0161te, neposrednega klica ali dru\u017ebenih omre\u017eij, lahko zahtevamo va\u0161e osebne podatke, tj. ime, e-po\u0161tni naslov, telefonsko \u0161tevilko in naslov. Na ta na\u010din lahko vzpostavimo u\u010dinkovito komunikacijo z vami, da odgovorimo na vsa mo\u017ena vpra\u0161anja.<\/p><h2><strong>Obdelava podatkov<\/strong><\/h2><p>EMC d.o.o. si pridr\u017euje pravico do zbiranja in deljenja podatkov z zakonitimi osebami in drugimi subjekti, ki so organizatorji, udele\u017eenci ali sodelavci pri organizaciji festivalov in drugih dogodkov ter aktivnosti, organiziranih in izvedenih pod blagovno znamko EXIT in\/ali z njo povezanih, ter s tretjimi stranmi za informativne, promocijske in marketin\u0161ke namene. To se izvaja z namenom izbolj\u0161anja celotne izku\u0161nje in odprave potrebe po podvojenih zahtevah za iste podatke ter za zagotovitev natan\u010dnosti podatkovnih baz.<\/p><h2><strong>Varnost in hramba podatkov<\/strong><\/h2><p>Za\u0161\u010dita podatkov je integrirana v zasnovo Spletne strani, pri \u010demer so nastavitve zasebnosti privzeto nastavljene na visoko raven. Vsa komunikacija med uporabnikom in Spletno stranjo poteka prek varnega \u0161ifriranega protokola (https).<\/p><p>Obdelava osebnih podatkov bo izvedena v skladu s predpisi o varstvu osebnih podatkov na Hrva\u0161kem, ob upo\u0161tevanju vseh predpisanih tehni\u010dnih in organizacijskih ukrepov za zagotavljanje zaupnosti in varnosti pri obdelavi osebnih podatkov, ki jih imamo v posesti.<\/p><p>EMC d.o.o. je zavezana k varovanju vseh zaupnih informacij pri izvajanju svojih dejavnosti in k uporabi varnostnih ukrepov za zbiranje, shranjevanje in obdelavo informacij, da prepre\u010di nepoobla\u0161\u010den dostop, spremembe, razkritje ali uni\u010denje va\u0161ih osebnih podatkov ter k razkritju osebnih podatkov samo pristojnim organom v postopku, dolo\u010denem z zakonom.<\/p><p>Podatki, ki nam jih razkrijete, se hranijo dolo\u010den \u010das, to je ne dlje, kot je to potrebno. V tem obdobju obdr\u017eite vse svoje pravice, kot so pravica do dostopa, popravek, izbris, omejitev obdelave, prenos podatkov, prito\u017eba ter pravica, da ne boste podvr\u017eeni avtomatiziranemu odlo\u010danju, vklju\u010dno s profiliranjem.<\/p><h2><strong>Pi\u0161kotki<\/strong><\/h2><p>Ko obi\u0161\u010dete Spletno stran, se na va\u0161 ra\u010dunalnik po\u0161lje eden ali ve\u010d pi\u0161kotkov (majhnih datotek, sestavljenih iz nizov kode), ki predstavljajo edinstven identifikator za va\u0161 brskalnik. Spletna stran uporablja pi\u0161kotke za izbolj\u0161anje kakovosti storitve, ohranjanje uporabni\u0161kih nastavitev in sledenje obiskom uporabnikov.<\/p><h2><strong>Informacije o obiskih<\/strong><\/h2><p>Poleg stre\u017enika Spletna stran uporablja Google Analytics in Facebook Pixel, ki se uporabljata za izbolj\u0161anje uporabni\u0161ke izku\u0161nje. Ko obi\u0161\u010dete spletna mesta, ki uporabljajo Google Analytics in Facebook Pixel, lahko Google in uporabnik Google Analytics oziroma Facebook in uporabnik Facebook Pixel pove\u017eejo informacije o va\u0161ih dejavnostih na tem mestu z dejavnostmi na drugih spletnih mestih (in dru\u017ebenih omre\u017ejih), ki uporabljajo ogla\u0161evalske storitve.<\/p><h2><strong>Va\u0161e pravice<\/strong><\/h2><p>Kadarkoli nas lahko kontaktirate, da izveste, katere informacije o va\u0161ih dejavnostih so shranjene na na\u0161ih stre\u017enikih. Prav tako nas lahko kontaktirate za zahtevo po njihovem izbrisu. V nekaterih primerih lahko zavrnemo izbris in podatke hranimo za omejena obdobja, ko jih moramo hraniti za pravne ali zakonodajne namene.<\/p><p>\u010ce nas prosite za izbris podatkov ali vsebine, povezane z va\u0161im ra\u010dunom, bomo poskusili zagotoviti za\u0161\u010dito pred nenamernim ali zlonamernim izbrisom. Zato lahko zahtevamo dodatno preverjanje va\u0161e identitete (na primer prek e-po\u0161te ali telefona), in od trenutka va\u0161e zahteve do njene izvedbe lahko mine nekaj \u010dasa.<\/p><p>Podatke bomo delili s tretjimi stranmi, \u010de bomo v dobri veri menili, da je dostop do informacij, njihova uporaba, hramba ali razkritje razumno potrebno:<\/p><ul><li>za spo\u0161tovanje veljavnih zakonov, predpisov, pravnih postopkov ali izvr\u0161ilnih zahtev dr\u017eavnih organov;<\/li><li>za izvajanje veljavnih pogojev uporabe storitve, vklju\u010dno s preiskavo morebitnih kr\u0161itev teh pogojev;<\/li><li>za odkrivanje, prepre\u010devanje ali re\u0161evanje te\u017eav s prevarami, varnostjo ali tehni\u010dnimi te\u017eavami;<\/li><li>za za\u0161\u010dito pravic, lastnine ali varnosti Spletne strani, na\u0161ih uporabnikov ali javnosti, kot je predpisano ali dovoljeno z zakonom.<\/li><\/ul><p>Spletna stran lahko kadarkoli spremeni politiko zasebnosti brez predhodnega obvestila.<\/p><p>Vse spremembe politike zasebnosti bodo poudarjene na za\u010detku te strani.<\/p>\t\t\t\t\t\t\t\t<\/div>\n\t\t\t\t<\/div>\n\t\t\t\t<\/div>\n\t\t\t\t\t<\/div>\n\t\t\t\t<\/div>\n\t\t\t\t<\/div>\n\t\t","protected":false},"excerpt":{"rendered":"<p>Zadnja posodobitev: 17.12.2019. EMC d.o.o. (naslov: Ribnjak 12-14, 10000 Zagreb, Hrva\u0161ka; e-po\u0161ta: info@seastarfestival.me), www.seastarfestival.com, (v nadaljevanju: Spletna stran) si prizadeva ponuditi storitve najvi\u0161je kakovosti, prilagojene za uporabo \u010dim ve\u010d uporabnikov. Da bi pri tem dosegli najve\u010djo u\u010dinkovitost, zbiramo naslednje vrste informacij: Javni podatki Na\u010deloma je mogo\u010de uporabljati Spletno stran, ne da bi razkrili svojo identiteto [&hellip;]<\/p>\n","protected":false},"author":1,"featured_media":59657,"parent":0,"menu_order":30,"comment_status":"closed","ping_status":"closed","template":"","meta":{"_acf_changed":false,"footnotes":""},"class_list":["post-17322","page","type-page","status-publish","has-post-thumbnail","hentry"],"acf":[],"_links":{"self":[{"href":"https:\/\/www.seastarfestival.com\/sl\/wp-json\/wp\/v2\/pages\/17322","targetHints":{"allow":["GET"]}}],"collection":[{"href":"https:\/\/www.seastarfestival.com\/sl\/wp-json\/wp\/v2\/pages"}],"about":[{"href":"https:\/\/www.seastarfestival.com\/sl\/wp-json\/wp\/v2\/types\/page"}],"author":[{"embeddable":true,"href":"https:\/\/www.seastarfestival.com\/sl\/wp-json\/wp\/v2\/users\/1"}],"replies":[{"embeddable":true,"href":"https:\/\/www.seastarfestival.com\/sl\/wp-json\/wp\/v2\/comments?post=17322"}],"version-history":[{"count":2,"href":"https:\/\/www.seastarfestival.com\/sl\/wp-json\/wp\/v2\/pages\/17322\/revisions"}],"predecessor-version":[{"id":54647,"href":"https:\/\/www.seastarfestival.com\/sl\/wp-json\/wp\/v2\/pages\/17322\/revisions\/54647"}],"wp:featuredmedia":[{"embeddable":true,"href":"https:\/\/www.seastarfestival.com\/sl\/wp-json\/wp\/v2\/media\/59657"}],"wp:attachment":[{"href":"https:\/\/www.seastarfestival.com\/sl\/wp-json\/wp\/v2\/media?parent=17322"}],"curies":[{"name":"wp","href":"https:\/\/api.w.org\/{rel}","templated":true}]}}