{"id":17310,"date":"2019-12-04T09:13:00","date_gmt":"2019-12-04T08:13:00","guid":{"rendered":"https:\/\/www.seastarfestival.com\/?page_id=17310"},"modified":"2025-04-15T20:31:13","modified_gmt":"2025-04-15T18:31:13","slug":"pogoji-uporabe","status":"publish","type":"page","link":"https:\/\/www.seastarfestival.com\/sl\/pogoji-uporabe","title":{"rendered":"Pogoji uporabe"},"content":{"rendered":"\t\t<div data-elementor-type=\"wp-page\" data-elementor-id=\"17310\" class=\"elementor elementor-17310 elementor-17302\" data-elementor-post-type=\"page\">\n\t\t\t\t<div class=\"elementor-element elementor-element-94783ad e-con-full e-flex e-con e-parent\" data-id=\"94783ad\" data-element_type=\"container\">\n\t\t\t\t<div class=\"elementor-element elementor-element-1b1f36c elementor-widget__width-initial elementor-widget elementor-widget-template\" data-id=\"1b1f36c\" data-element_type=\"widget\" data-widget_type=\"template.default\">\n\t\t\t\t<div class=\"elementor-widget-container\">\n\t\t\t\t\t\t\t<div class=\"elementor-template\">\n\t\t\t\t\t<div data-elementor-type=\"section\" data-elementor-id=\"48415\" class=\"elementor elementor-48415\" data-elementor-post-type=\"elementor_library\">\n\t\t\t<div class=\"elementor-element elementor-element-ea336ad e-flex e-con-boxed e-con e-parent\" data-id=\"ea336ad\" data-element_type=\"container\" data-settings=\"{&quot;background_background&quot;:&quot;classic&quot;}\">\n\t\t\t\t\t<div class=\"e-con-inner\">\n\t\t<div class=\"elementor-element elementor-element-3faa944 e-con-full e-flex e-con e-child\" data-id=\"3faa944\" data-element_type=\"container\">\n\t\t<div class=\"elementor-element elementor-element-651e20c e-con-full e-flex e-con e-child\" data-id=\"651e20c\" data-element_type=\"container\">\n\t\t\t\t<div class=\"elementor-element elementor-element-43298c4 elementor-widget elementor-widget-heading\" data-id=\"43298c4\" data-element_type=\"widget\" data-widget_type=\"heading.default\">\n\t\t\t\t<div class=\"elementor-widget-container\">\n\t\t\t\t\t<h1 class=\"elementor-heading-title elementor-size-default\">Pogoji uporabe<\/h1>\t\t\t\t<\/div>\n\t\t\t\t<\/div>\n\t\t\t\t<\/div>\n\t\t<div class=\"elementor-element elementor-element-5e6cad0 e-con-full e-flex e-con e-child\" data-id=\"5e6cad0\" data-element_type=\"container\">\n\t\t\t\t<div class=\"elementor-element elementor-element-5f0f275 elementor-align-right elementor-widget elementor-widget-breadcrumbs\" data-id=\"5f0f275\" data-element_type=\"widget\" data-widget_type=\"breadcrumbs.default\">\n\t\t\t\t<div class=\"elementor-widget-container\">\n\t\t\t\t\t<div id=\"breadcrumbs\"><span><span><a href=\"https:\/\/www.seastarfestival.com\/sl\">Po\u010detna<\/a><\/span><\/span><\/div>\t\t\t\t<\/div>\n\t\t\t\t<\/div>\n\t\t\t\t<\/div>\n\t\t\t\t<\/div>\n\t\t\t\t\t<\/div>\n\t\t\t\t<\/div>\n\t\t\t\t<\/div>\n\t\t\t\t<\/div>\n\t\t\t\t\t\t<\/div>\n\t\t\t\t<\/div>\n\t\t\t\t<\/div>\n\t\t<div class=\"elementor-element elementor-element-40f17eb e-flex e-con-boxed e-con e-parent\" data-id=\"40f17eb\" data-element_type=\"container\">\n\t\t\t\t\t<div class=\"e-con-inner\">\n\t\t<div class=\"elementor-element elementor-element-021a9c4 e-con-full e-flex e-con e-child\" data-id=\"021a9c4\" data-element_type=\"container\">\n\t\t\t\t<div class=\"elementor-element elementor-element-28bed6f elementor-widget elementor-widget-text-editor\" data-id=\"28bed6f\" data-element_type=\"widget\" data-widget_type=\"text-editor.default\">\n\t\t\t\t<div class=\"elementor-widget-container\">\n\t\t\t\t\t\t\t\t\t<p><strong><em>Zadnja posodobitev: 17.12.2019<\/em><\/strong><\/p><p>Hvala, ker ste obiskali uradno spletno stran festivala Sea Star. Va\u0161 obisk in uporaba spletne strani Sea Star (v nadaljevanju: Spletna stran) sta podvr\u017eena Pogojev uporabe in veljavnim zakonskim predpisom, ki urejajo to podro\u010dje.<\/p><p>Z dostopom do in uporabo Spletne strani sprejemate, brez omejitev, te Pogoje uporabe. \u010ce teh Pogojev uporabe ne sprejemate brez omejitev, vas vljudno prosimo, da zapustite Spletno stran.<\/p><p>Dostop do te Spletne strani je podvr\u017een naslednjim Pogojev uporabe:<\/p><h2><strong>Pogoji uporabe informacij<\/strong><\/h2><p>Vse informacije, ki so na voljo na tej Spletni strani, so zgolj informativne narave in jih ni mogo\u010de uporabljati za komercialne namene ali distribuirati tretjim osebam.<\/p><p>Informacije, ki jih objavi EMC d.o.o. (naslov: Ribnjak 12-14, 10000 Zagreb, Hrva\u0161ka; e-po\u0161ta: <a href=\"mailto:info@seastarfestival.com\">info@seastarfestival.com<\/a>) v tej spletni predstavitvi, veljajo za pravilne in zanesljive v \u010dasu njihove objave. EMC d.o.o. lahko kadarkoli in brez predhodnega obvestila posodobi obstoje\u010de ali doda nove informacije v tej spletni predstavitvi.<\/p><p>EMC d.o.o. ne zagotavlja, da bo Spletna stran delovala brez prekinitev ali napak, da bodo te\u017eave pravo\u010dasno odpravljene ali da je Spletna stran zdru\u017eljiva z va\u0161o strojno ali programsko opremo. Informacij na tej Spletni strani ne smete razlagati kot nasvete za sprejemanje kakr\u0161nihkoli odlo\u010ditev. \u010ce imate te\u017eave z razumevanjem vsebine na tej Spletni strani med uporabo, nas prosimo kontaktirajte prek <a href=\"https:\/\/www.seastarfestival.com\/en\/contact\/\">kontaktne strani<\/a>.<\/p><h2><strong>Lastni\u0161tvo vsebine<\/strong><\/h2><p>Celotna vsebina, torej: besedila, logotipi, grafike, slike, avdio vsebine in druga vsebina na Spletni strani (v nadaljevanju: Vsebina), je za\u0161\u010ditena z avtorskimi pravicami ali je v lasti EMC d.o.o. oziroma je bila objavljena na Spletni strani z dovoljenjem lastnika ali poobla\u0161\u010denega imetnika pravic. Uporaba vsebine, razen na na\u010din opisan v teh Pogoji uporabe, brez pisnega dovoljenja lastnika vsebine, je strogo prepovedana. EMC d.o.o. bo za\u0161\u010ditil svoje avtorske pravice, pravice intelektualne lastnine in druge povezane pravice ter druge pravice v najve\u010dji mo\u017eni meri, ki jo dovoljuje zakon, vklju\u010dno s pravnimi postopki.<\/p><h2><strong>Izjava o omejitvi odgovornosti<\/strong><\/h2><p>To Spletno stran uporabljate na lastno odgovornost. EMC d.o.o., niti katera koli povezana ali odvisna pravna oseba ali podru\u017enica, zaposleni ali vodstvo, niti tretje osebe, ki jih EMC d.o.o. najame za izdelavo, lansiranje in vzdr\u017eevanje Spletne strani, niso odgovorni za kakr\u0161nokoli \u0161kodo, fizi\u010dno ali drugo, neposredno, posredno ali naklju\u010dno, pa tudi za kakr\u0161nokoli drugo \u0161kodo, ki izhaja iz uporabe Spletne strani in njene vsebine, bodisi pogodbeno ali izvenpogodbeno, tudi po opozorilih o morebitni \u0161kodi. Upo\u0161tevajte, da nekateri pogoji in jurisdikcije dolo\u010denih dr\u017eavnih organov ne dovoljujejo izklju\u010ditev odgovornosti za dolo\u010dene \u0161kode, kar pomeni, da nekatere navedene omejitve morda ne veljajo za vas.<\/p><h2><strong>Zunanje povezave<\/strong><\/h2><p>Spletna stran vsebuje povezave do drugih spletnih strani, katerih lastnik ali uporabnik ni EMC d.o.o. Te povezave so bile pridobljene zgolj za zagotavljanje dodatnih informacij. EMC d.o.o. ne nadzoruje teh spletnih strani niti ni odgovoren za njihovo delovanje, vsebino, politiko zasebnosti ali varnost. EMC d.o.o. ne nadzoruje vsebine, izdelkov ali storitev, ki so na voljo na teh spletnih straneh. \u010ce sledite povezavi na na\u0161i Spletni strani do takih spletnih strani, to po\u010dnete na lastno odgovornost in brez odobritve EMC d.o.o.<\/p><h2><strong>Zasebnost<\/strong><\/h2><p><strong>\u00a0<\/strong>Vse osebne informacije (npr. va\u0161e ime, naslov, telefonska \u0161tevilka ali e-po\u0161tni naslov), ki jih posredujete na Spletni strani, prek e-po\u0161te ali na drug na\u010din, bodo uporabljene s strani EMC d.o.o. v skladu s <a href=\"https:\/\/www.seastarfestival.com\/en\/privacy-policy\/\">politiko zasebnosti<\/a> Spletne strani.<\/p><p>Vsa druga sporo\u010dila ali materiali, ki jih posredujete na Spletno stran, kot so vpra\u0161anja, komentarji, predlogi in podobno, ne bodo obravnavani kot zaupne informacije niti ne bodo za\u0161\u010diteni.<\/p><h2><strong>Omejitev dostopa<\/strong><\/h2><p>EMC d.o.o. si pridr\u017euje pravico, da brez predhodnega obvestila omeji va\u0161 dostop do Spletne strani ali katerega koli njenega dela.<\/p><h2><strong>Posodobitve Pogojev uporabe<\/strong><\/h2><p>EMC d.o.o. si pridr\u017euje pravico do spremembe Pogojev uporabe brez predhodnega obvestila. Kakr\u0161nekoli spremembe Pogojev uporabe bodo objavljene na vrhu te strani. Samodejno boste zavezani k novim Pogojev uporabe, zato redno obiskujte to stran, da se seznanite z veljavnimi Pogoji uporabe. Teh Pogojev uporabe ne morete spremeniti brez soglasja EMC d.o.o.<\/p>\t\t\t\t\t\t\t\t<\/div>\n\t\t\t\t<\/div>\n\t\t\t\t<\/div>\n\t\t\t\t\t<\/div>\n\t\t\t\t<\/div>\n\t\t\t\t<\/div>\n\t\t","protected":false},"excerpt":{"rendered":"<p>Zadnja posodobitev: 17.12.2019 Hvala, ker ste obiskali uradno spletno stran festivala Sea Star. Va\u0161 obisk in uporaba spletne strani Sea Star (v nadaljevanju: Spletna stran) sta podvr\u017eena Pogojev uporabe in veljavnim zakonskim predpisom, ki urejajo to podro\u010dje. Z dostopom do in uporabo Spletne strani sprejemate, brez omejitev, te Pogoje uporabe. \u010ce teh Pogojev uporabe ne [&hellip;]<\/p>\n","protected":false},"author":1,"featured_media":59657,"parent":0,"menu_order":29,"comment_status":"closed","ping_status":"closed","template":"","meta":{"_acf_changed":false,"footnotes":""},"class_list":["post-17310","page","type-page","status-publish","has-post-thumbnail","hentry"],"acf":[],"_links":{"self":[{"href":"https:\/\/www.seastarfestival.com\/sl\/wp-json\/wp\/v2\/pages\/17310","targetHints":{"allow":["GET"]}}],"collection":[{"href":"https:\/\/www.seastarfestival.com\/sl\/wp-json\/wp\/v2\/pages"}],"about":[{"href":"https:\/\/www.seastarfestival.com\/sl\/wp-json\/wp\/v2\/types\/page"}],"author":[{"embeddable":true,"href":"https:\/\/www.seastarfestival.com\/sl\/wp-json\/wp\/v2\/users\/1"}],"replies":[{"embeddable":true,"href":"https:\/\/www.seastarfestival.com\/sl\/wp-json\/wp\/v2\/comments?post=17310"}],"version-history":[{"count":3,"href":"https:\/\/www.seastarfestival.com\/sl\/wp-json\/wp\/v2\/pages\/17310\/revisions"}],"predecessor-version":[{"id":54646,"href":"https:\/\/www.seastarfestival.com\/sl\/wp-json\/wp\/v2\/pages\/17310\/revisions\/54646"}],"wp:featuredmedia":[{"embeddable":true,"href":"https:\/\/www.seastarfestival.com\/sl\/wp-json\/wp\/v2\/media\/59657"}],"wp:attachment":[{"href":"https:\/\/www.seastarfestival.com\/sl\/wp-json\/wp\/v2\/media?parent=17310"}],"curies":[{"name":"wp","href":"https:\/\/api.w.org\/{rel}","templated":true}]}}