{"id":12214,"date":"2019-02-21T05:28:47","date_gmt":"2019-02-21T04:28:47","guid":{"rendered":"https:\/\/www.seastarfestival.com\/?page_id=12214"},"modified":"2024-12-08T07:27:40","modified_gmt":"2024-12-08T06:27:40","slug":"kontakt","status":"publish","type":"page","link":"https:\/\/www.seastarfestival.com\/sl\/kontakt","title":{"rendered":"Kontakt"},"content":{"rendered":"\t\t<div data-elementor-type=\"wp-page\" data-elementor-id=\"12214\" class=\"elementor elementor-12214 elementor-6819\" data-elementor-post-type=\"page\">\n\t\t\t\t<div class=\"elementor-element elementor-element-6110f4a e-con-full e-flex e-con e-parent\" data-id=\"6110f4a\" data-element_type=\"container\">\n\t\t\t\t<div class=\"elementor-element elementor-element-2ff5d29 elementor-widget__width-initial elementor-widget elementor-widget-template\" data-id=\"2ff5d29\" data-element_type=\"widget\" data-widget_type=\"template.default\">\n\t\t\t\t<div class=\"elementor-widget-container\">\n\t\t\t\t\t\t\t<div class=\"elementor-template\">\n\t\t\t\t\t<div data-elementor-type=\"section\" data-elementor-id=\"48415\" class=\"elementor elementor-48415\" data-elementor-post-type=\"elementor_library\">\n\t\t\t<div class=\"elementor-element elementor-element-ea336ad e-flex e-con-boxed e-con e-parent\" data-id=\"ea336ad\" data-element_type=\"container\" data-settings=\"{&quot;background_background&quot;:&quot;classic&quot;}\">\n\t\t\t\t\t<div class=\"e-con-inner\">\n\t\t<div class=\"elementor-element elementor-element-3faa944 e-con-full e-flex e-con e-child\" data-id=\"3faa944\" data-element_type=\"container\">\n\t\t<div class=\"elementor-element elementor-element-651e20c e-con-full e-flex e-con e-child\" data-id=\"651e20c\" data-element_type=\"container\">\n\t\t\t\t<div class=\"elementor-element elementor-element-43298c4 elementor-widget elementor-widget-heading\" data-id=\"43298c4\" data-element_type=\"widget\" data-widget_type=\"heading.default\">\n\t\t\t\t<div class=\"elementor-widget-container\">\n\t\t\t\t\t<h1 class=\"elementor-heading-title elementor-size-default\">Kontakt<\/h1>\t\t\t\t<\/div>\n\t\t\t\t<\/div>\n\t\t\t\t<\/div>\n\t\t<div class=\"elementor-element elementor-element-5e6cad0 e-con-full e-flex e-con e-child\" data-id=\"5e6cad0\" data-element_type=\"container\">\n\t\t\t\t<div class=\"elementor-element elementor-element-5f0f275 elementor-align-right elementor-widget elementor-widget-breadcrumbs\" data-id=\"5f0f275\" data-element_type=\"widget\" data-widget_type=\"breadcrumbs.default\">\n\t\t\t\t<div class=\"elementor-widget-container\">\n\t\t\t\t\t<div id=\"breadcrumbs\"><span><span><a href=\"https:\/\/www.seastarfestival.com\/sl\">Po\u010detna<\/a><\/span><\/span><\/div>\t\t\t\t<\/div>\n\t\t\t\t<\/div>\n\t\t\t\t<\/div>\n\t\t\t\t<\/div>\n\t\t\t\t\t<\/div>\n\t\t\t\t<\/div>\n\t\t\t\t<\/div>\n\t\t\t\t<\/div>\n\t\t\t\t\t\t<\/div>\n\t\t\t\t<\/div>\n\t\t\t\t<\/div>\n\t\t<div class=\"elementor-element elementor-element-3c05a0a e-flex e-con-boxed e-con e-parent\" data-id=\"3c05a0a\" data-element_type=\"container\">\n\t\t\t\t\t<div class=\"e-con-inner\">\n\t\t<div class=\"elementor-element elementor-element-3a1c167 e-con-full e-flex e-con e-child\" data-id=\"3a1c167\" data-element_type=\"container\">\n\t\t\t\t<div class=\"elementor-element elementor-element-535e37f elementor-widget elementor-widget-text-editor\" data-id=\"535e37f\" data-element_type=\"widget\" data-widget_type=\"text-editor.default\">\n\t\t\t\t<div class=\"elementor-widget-container\">\n\t\t\t\t\t\t\t\t\t<p>Za splo\u0161ne informacije in vpra\u0161anja:<br \/>E-mail: <b><a href=\"mailto:info@seastarfestival.com\" target=\"_blank\" rel=\"noopener noreferrer\">info@seastarfestival.com<\/a><\/b><\/p><p>Za novinarje (press in akreditacije):<br \/>Obi\u0161\u010dite na\u0161 <b><a href=\"https:\/\/www.seastarfestival.com\/sl\/press\/\" target=\"_blank\" rel=\"noopener\" data-saferedirecturl=\"https:\/\/www.google.com\/url?q=https:\/\/www.seastarfestival.com\/sl\/press\/&amp;source=gmail&amp;ust=1550808964101000&amp;usg=AFQjCNE6NG6o1g9sz91n986ow3L8NqF9Sw\">Press<\/a><\/b> zavihek<\/p>\t\t\t\t\t\t\t\t<\/div>\n\t\t\t\t<\/div>\n\t\t\t\t<\/div>\n\t\t\t\t\t<\/div>\n\t\t\t\t<\/div>\n\t\t\t\t<\/div>\n\t\t","protected":false},"excerpt":{"rendered":"<p>Za splo\u0161ne informacije in vpra\u0161anja:E-mail: info@seastarfestival.com Za novinarje (press in akreditacije):Obi\u0161\u010dite na\u0161 Press zavihek<\/p>\n","protected":false},"author":1,"featured_media":59657,"parent":0,"menu_order":28,"comment_status":"closed","ping_status":"closed","template":"","meta":{"_acf_changed":false,"footnotes":""},"class_list":["post-12214","page","type-page","status-publish","has-post-thumbnail","hentry"],"acf":[],"_links":{"self":[{"href":"https:\/\/www.seastarfestival.com\/sl\/wp-json\/wp\/v2\/pages\/12214","targetHints":{"allow":["GET"]}}],"collection":[{"href":"https:\/\/www.seastarfestival.com\/sl\/wp-json\/wp\/v2\/pages"}],"about":[{"href":"https:\/\/www.seastarfestival.com\/sl\/wp-json\/wp\/v2\/types\/page"}],"author":[{"embeddable":true,"href":"https:\/\/www.seastarfestival.com\/sl\/wp-json\/wp\/v2\/users\/1"}],"replies":[{"embeddable":true,"href":"https:\/\/www.seastarfestival.com\/sl\/wp-json\/wp\/v2\/comments?post=12214"}],"version-history":[{"count":1,"href":"https:\/\/www.seastarfestival.com\/sl\/wp-json\/wp\/v2\/pages\/12214\/revisions"}],"predecessor-version":[{"id":52806,"href":"https:\/\/www.seastarfestival.com\/sl\/wp-json\/wp\/v2\/pages\/12214\/revisions\/52806"}],"wp:featuredmedia":[{"embeddable":true,"href":"https:\/\/www.seastarfestival.com\/sl\/wp-json\/wp\/v2\/media\/59657"}],"wp:attachment":[{"href":"https:\/\/www.seastarfestival.com\/sl\/wp-json\/wp\/v2\/media?parent=12214"}],"curies":[{"name":"wp","href":"https:\/\/api.w.org\/{rel}","templated":true}]}}