{"id":61034,"date":"2026-03-16T14:48:43","date_gmt":"2026-03-16T13:48:43","guid":{"rendered":"https:\/\/www.seastarfestival.com\/getting-to-sea-star-festival"},"modified":"2026-03-16T16:05:51","modified_gmt":"2026-03-16T15:05:51","slug":"come-raggiungere-il-sea-star-festival","status":"publish","type":"page","link":"https:\/\/www.seastarfestival.com\/it\/come-raggiungere-il-sea-star-festival","title":{"rendered":"Come raggiungere il Sea Star Festival"},"content":{"rendered":"\t\t<div data-elementor-type=\"wp-page\" data-elementor-id=\"61034\" class=\"elementor elementor-61034 elementor-61003\" data-elementor-post-type=\"page\">\n\t\t\t\t<div class=\"elementor-element elementor-element-3e9fa40 e-con-full e-flex e-con e-parent\" data-id=\"3e9fa40\" data-element_type=\"container\" data-e-type=\"container\">\n\t\t\t\t<div class=\"elementor-element elementor-element-571f884 elementor-widget__width-initial elementor-widget elementor-widget-template\" data-id=\"571f884\" data-element_type=\"widget\" data-e-type=\"widget\" data-widget_type=\"template.default\">\n\t\t\t\t<div class=\"elementor-widget-container\">\n\t\t\t\t\t\t\t<div class=\"elementor-template\">\n\t\t\t\t\t<div data-elementor-type=\"section\" data-elementor-id=\"48415\" class=\"elementor elementor-48415\" data-elementor-post-type=\"elementor_library\">\n\t\t\t<div class=\"elementor-element elementor-element-ea336ad e-flex e-con-boxed e-con e-parent\" data-id=\"ea336ad\" data-element_type=\"container\" data-e-type=\"container\" data-settings=\"{&quot;background_background&quot;:&quot;classic&quot;}\">\n\t\t\t\t\t<div class=\"e-con-inner\">\n\t\t<div class=\"elementor-element elementor-element-3faa944 e-con-full e-flex e-con e-child\" data-id=\"3faa944\" data-element_type=\"container\" data-e-type=\"container\">\n\t\t<div class=\"elementor-element elementor-element-651e20c e-con-full e-flex e-con e-child\" data-id=\"651e20c\" data-element_type=\"container\" data-e-type=\"container\">\n\t\t\t\t<div class=\"elementor-element elementor-element-43298c4 elementor-widget elementor-widget-heading\" data-id=\"43298c4\" data-element_type=\"widget\" data-e-type=\"widget\" data-widget_type=\"heading.default\">\n\t\t\t\t<div class=\"elementor-widget-container\">\n\t\t\t\t\t<h1 class=\"elementor-heading-title elementor-size-default\">Come raggiungere il Sea Star Festival<\/h1>\t\t\t\t<\/div>\n\t\t\t\t<\/div>\n\t\t\t\t<\/div>\n\t\t<div class=\"elementor-element elementor-element-5e6cad0 e-con-full e-flex e-con e-child\" data-id=\"5e6cad0\" data-element_type=\"container\" data-e-type=\"container\">\n\t\t\t\t<div class=\"elementor-element elementor-element-5f0f275 elementor-align-right elementor-widget elementor-widget-breadcrumbs\" data-id=\"5f0f275\" data-element_type=\"widget\" data-e-type=\"widget\" data-widget_type=\"breadcrumbs.default\">\n\t\t\t\t<div class=\"elementor-widget-container\">\n\t\t\t\t\t<div id=\"breadcrumbs\"><span><span><a href=\"https:\/\/www.seastarfestival.com\/it\">Homepage<\/a><\/span><\/span><\/div>\t\t\t\t<\/div>\n\t\t\t\t<\/div>\n\t\t\t\t<\/div>\n\t\t\t\t<\/div>\n\t\t\t\t\t<\/div>\n\t\t\t\t<\/div>\n\t\t\t\t<\/div>\n\t\t\t\t<\/div>\n\t\t\t\t\t\t<\/div>\n\t\t\t\t<\/div>\n\t\t\t\t<\/div>\n\t\t<div class=\"elementor-element elementor-element-555ec11 e-flex e-con-boxed e-con e-parent\" data-id=\"555ec11\" data-element_type=\"container\" data-e-type=\"container\">\n\t\t\t\t\t<div class=\"e-con-inner\">\n\t\t<div class=\"elementor-element elementor-element-72025e8 e-con-full e-flex e-con e-child\" data-id=\"72025e8\" data-element_type=\"container\" data-e-type=\"container\">\n\t\t\t\t<div class=\"elementor-element elementor-element-2b2f517 elementor-widget elementor-widget-heading\" data-id=\"2b2f517\" data-element_type=\"widget\" data-e-type=\"widget\" data-widget_type=\"heading.default\">\n\t\t\t\t<div class=\"elementor-widget-container\">\n\t\t\t\t\t<h2 class=\"elementor-heading-title elementor-size-default\">Certi viaggi fanno parte dell\u2019esperienza<\/h2>\t\t\t\t<\/div>\n\t\t\t\t<\/div>\n\t\t\t\t<div class=\"elementor-element elementor-element-b0af7b0 elementor-widget elementor-widget-text-editor\" data-id=\"b0af7b0\" data-element_type=\"widget\" data-e-type=\"widget\" data-widget_type=\"text-editor.default\">\n\t\t\t\t<div class=\"elementor-widget-container\">\n\t\t\t\t\t\t\t\t\t<p>Il Sea Star Festival prende vita nella laguna di Stella Maris a Umago, affacciata sulla splendida costa adriatica nel cuore dell\u2019Istria croata.<\/p><p>Qualunque sia il tuo modo di arrivare, in aereo, in auto o con i mezzi pubblici, il viaggio verso Umago \u00e8 bello quanto la destinazione stessa.<br \/>La penisola ti accoglie con orizzonti aperti e cieli luminosi.<\/p><p>L\u2019estate inizia nel momento in cui parti.<\/p><p><strong>\ud83d\udccd Indirizzo del Festival<br \/>Laguna di Stella Maris, Umago<\/strong><\/p><p><strong>GPS: 45.4481354623365, 13.519099510183487<\/strong><\/p>\t\t\t\t\t\t\t\t<\/div>\n\t\t\t\t<\/div>\n\t\t\t\t<div class=\"elementor-element elementor-element-62f42fd elementor-widget-divider--view-line elementor-widget elementor-widget-divider\" data-id=\"62f42fd\" data-element_type=\"widget\" data-e-type=\"widget\" data-widget_type=\"divider.default\">\n\t\t\t\t<div class=\"elementor-widget-container\">\n\t\t\t\t\t\t\t<div class=\"elementor-divider\">\n\t\t\t<span class=\"elementor-divider-separator\">\n\t\t\t\t\t\t<\/span>\n\t\t<\/div>\n\t\t\t\t\t\t<\/div>\n\t\t\t\t<\/div>\n\t\t\t\t<div class=\"elementor-element elementor-element-884fd86 elementor-hidden-mobile elementor-widget elementor-widget-image\" data-id=\"884fd86\" data-element_type=\"widget\" data-e-type=\"widget\" data-widget_type=\"image.default\">\n\t\t\t\t<div class=\"elementor-widget-container\">\n\t\t\t\t\t\t\t\t\t\t\t\t\t\t\t\t<a href=\"https:\/\/www.seastarfestival.com\/wp-content\/uploads\/2026\/03\/Getting-to-Sea-Star-Festival.jpg\" data-elementor-open-lightbox=\"yes\" data-e-action-hash=\"#elementor-action%3Aaction%3Dlightbox%26settings%3DeyJpZCI6NjEwMTEsInVybCI6Imh0dHBzOlwvXC93d3cuc2Vhc3RhcmZlc3RpdmFsLmNvbVwvd3AtY29udGVudFwvdXBsb2Fkc1wvMjAyNlwvMDNcL0dldHRpbmctdG8tU2VhLVN0YXItRmVzdGl2YWwuanBnIn0%3D\">\n\t\t\t\t\t\t\t<img fetchpriority=\"high\" decoding=\"async\" width=\"1920\" height=\"1080\" src=\"https:\/\/www.seastarfestival.com\/wp-content\/uploads\/2026\/03\/Getting-to-Sea-Star-Festival.jpg\" class=\"attachment-full size-full wp-image-61011\" alt=\"Getting to Sea Star Festival\" srcset=\"https:\/\/www.seastarfestival.com\/wp-content\/uploads\/2026\/03\/Getting-to-Sea-Star-Festival.jpg 1920w, https:\/\/www.seastarfestival.com\/wp-content\/uploads\/2026\/03\/Getting-to-Sea-Star-Festival-300x169.jpg 300w, https:\/\/www.seastarfestival.com\/wp-content\/uploads\/2026\/03\/Getting-to-Sea-Star-Festival-1024x576.jpg 1024w, https:\/\/www.seastarfestival.com\/wp-content\/uploads\/2026\/03\/Getting-to-Sea-Star-Festival-768x432.jpg 768w, https:\/\/www.seastarfestival.com\/wp-content\/uploads\/2026\/03\/Getting-to-Sea-Star-Festival-1536x864.jpg 1536w\" sizes=\"(max-width: 1920px) 100vw, 1920px\" \/>\t\t\t\t\t\t\t\t<\/a>\n\t\t\t\t\t\t\t\t\t\t\t\t\t\t\t<\/div>\n\t\t\t\t<\/div>\n\t\t\t\t<div class=\"elementor-element elementor-element-27ba220 elementor-hidden-desktop elementor-hidden-tablet elementor-widget elementor-widget-image\" data-id=\"27ba220\" data-element_type=\"widget\" data-e-type=\"widget\" data-widget_type=\"image.default\">\n\t\t\t\t<div class=\"elementor-widget-container\">\n\t\t\t\t\t\t\t\t\t\t\t\t\t\t\t\t<a href=\"https:\/\/www.seastarfestival.com\/wp-content\/uploads\/2026\/03\/Getting-to-Sea-Star-Festival-mobile.jpg\" data-elementor-open-lightbox=\"yes\" data-e-action-hash=\"#elementor-action%3Aaction%3Dlightbox%26settings%3DeyJpZCI6NjEwMTIsInVybCI6Imh0dHBzOlwvXC93d3cuc2Vhc3RhcmZlc3RpdmFsLmNvbVwvd3AtY29udGVudFwvdXBsb2Fkc1wvMjAyNlwvMDNcL0dldHRpbmctdG8tU2VhLVN0YXItRmVzdGl2YWwtbW9iaWxlLmpwZyJ9\">\n\t\t\t\t\t\t\t<img decoding=\"async\" width=\"1080\" height=\"1080\" src=\"https:\/\/www.seastarfestival.com\/wp-content\/uploads\/2026\/03\/Getting-to-Sea-Star-Festival-mobile.jpg\" class=\"attachment-full size-full wp-image-61012\" alt=\"\" srcset=\"https:\/\/www.seastarfestival.com\/wp-content\/uploads\/2026\/03\/Getting-to-Sea-Star-Festival-mobile.jpg 1080w, https:\/\/www.seastarfestival.com\/wp-content\/uploads\/2026\/03\/Getting-to-Sea-Star-Festival-mobile-300x300.jpg 300w, https:\/\/www.seastarfestival.com\/wp-content\/uploads\/2026\/03\/Getting-to-Sea-Star-Festival-mobile-1024x1024.jpg 1024w, https:\/\/www.seastarfestival.com\/wp-content\/uploads\/2026\/03\/Getting-to-Sea-Star-Festival-mobile-150x150.jpg 150w, https:\/\/www.seastarfestival.com\/wp-content\/uploads\/2026\/03\/Getting-to-Sea-Star-Festival-mobile-768x768.jpg 768w\" sizes=\"(max-width: 1080px) 100vw, 1080px\" \/>\t\t\t\t\t\t\t\t<\/a>\n\t\t\t\t\t\t\t\t\t\t\t\t\t\t\t<\/div>\n\t\t\t\t<\/div>\n\t\t\t\t<div class=\"elementor-element elementor-element-c7384c6 elementor-widget-divider--view-line elementor-widget elementor-widget-divider\" data-id=\"c7384c6\" data-element_type=\"widget\" data-e-type=\"widget\" data-widget_type=\"divider.default\">\n\t\t\t\t<div class=\"elementor-widget-container\">\n\t\t\t\t\t\t\t<div class=\"elementor-divider\">\n\t\t\t<span class=\"elementor-divider-separator\">\n\t\t\t\t\t\t<\/span>\n\t\t<\/div>\n\t\t\t\t\t\t<\/div>\n\t\t\t\t<\/div>\n\t\t\t\t<div class=\"elementor-element elementor-element-8ce6200 elementor-widget elementor-widget-heading\" data-id=\"8ce6200\" data-element_type=\"widget\" data-e-type=\"widget\" data-widget_type=\"heading.default\">\n\t\t\t\t<div class=\"elementor-widget-container\">\n\t\t\t\t\t<h2 class=\"elementor-heading-title elementor-size-default\">Gli aeroporti pi\u00f9 vicini a Umago<\/h2>\t\t\t\t<\/div>\n\t\t\t\t<\/div>\n\t\t\t\t<div class=\"elementor-element elementor-element-b3feaf3 elementor-widget elementor-widget-text-editor\" data-id=\"b3feaf3\" data-element_type=\"widget\" data-e-type=\"widget\" data-widget_type=\"text-editor.default\">\n\t\t\t\t<div class=\"elementor-widget-container\">\n\t\t\t\t\t\t\t\t\t<p><strong>\ud83d\udccd Aeroporto di Pola (Croazia)<\/strong> \u2013 circa 85 km \/ 1 ora in auto<br \/><strong>\ud83d\udccd Aeroporto di Trieste (Italia)<\/strong> \u2013 circa 90 km \/ 1 ora e mezza in auto<br \/><strong>\ud83d\udccd Aeroporto di Lubiana (Slovenia)<\/strong> \u2013 circa 150 km \/ 2\u20132,5 ore in auto<br \/><strong>\ud83d\udccd Aeroporto di Venezia Marco Polo (Italia)<\/strong> \u2013 circa 220 km \/ 2\u20132,5 ore in auto<br \/><strong>\ud83d\udccd Aeroporto di Venezia Treviso (Italia)<\/strong> \u2013 circa 230 km \/ 2,5\u20133 ore in auto<br \/><strong>\ud83d\udccd Aeroporto di Zagabria (Croazia)<\/strong> \u2013 circa 260 km \/ circa 3 ore in auto<\/p>\t\t\t\t\t\t\t\t<\/div>\n\t\t\t\t<\/div>\n\t\t\t\t<div class=\"elementor-element elementor-element-192bdb7 elementor-widget-divider--view-line elementor-widget elementor-widget-divider\" data-id=\"192bdb7\" data-element_type=\"widget\" data-e-type=\"widget\" data-widget_type=\"divider.default\">\n\t\t\t\t<div class=\"elementor-widget-container\">\n\t\t\t\t\t\t\t<div class=\"elementor-divider\">\n\t\t\t<span class=\"elementor-divider-separator\">\n\t\t\t\t\t\t<\/span>\n\t\t<\/div>\n\t\t\t\t\t\t<\/div>\n\t\t\t\t<\/div>\n\t\t\t\t<div class=\"elementor-element elementor-element-79b13b8 elementor-widget elementor-widget-heading\" data-id=\"79b13b8\" data-element_type=\"widget\" data-e-type=\"widget\" data-widget_type=\"heading.default\">\n\t\t\t\t<div class=\"elementor-widget-container\">\n\t\t\t\t\t<h2 class=\"elementor-heading-title elementor-size-default\">Come arrivare dall\u2019aeroporto a Umago<\/h2>\t\t\t\t<\/div>\n\t\t\t\t<\/div>\n\t\t\t\t<div class=\"elementor-element elementor-element-8e7dd2a elementor-widget elementor-widget-text-editor\" data-id=\"8e7dd2a\" data-element_type=\"widget\" data-e-type=\"widget\" data-widget_type=\"text-editor.default\">\n\t\t\t\t<div class=\"elementor-widget-container\">\n\t\t\t\t\t\t\t\t\t<p><strong>\ud83d\ude97 Noleggio auto<\/strong><\/p><p>Il servizio di noleggio auto \u00e8 disponibile in tutti i principali aeroporti indicati sopra.<br \/>Guidare \u00e8 l\u2019opzione pi\u00f9 flessibile e ti permette di goderti con calma i panorami dell\u2019Istria.<\/p><p>Se raggiungi il festival in auto, utilizza queste coordinate:<br \/><strong>\ud83d\udccd GPS: 45.4481354623365, 13.519099510183487<\/strong><br \/>Arrivi dall\u2019Italia o dalla Slovenia?<br \/>Ricorda di portare con te i documenti di guida internazionali: potresti attraversare dei valichi di frontiera.<\/p><p>Crossing from Italy or Slovenia? Make sure to bring your international driving documents \u2013 you may be passing through border crossings.<\/p><p><strong>\ud83d\ude8c In Bus<\/strong><\/p><p>Umago \u00e8 collegata con linee dirette dalle principali citt\u00e0 croate, tra cui Zagabria, Rijeka e Pola, oltre che da diverse destinazioni internazionali.<br \/>Dalla stazione degli autobus di Umago, il festival \u00e8 raggiungibile in pochi minuti di taxi.<\/p><p>Consulta gli orari su:<\/p><ul><li><strong>FlixBus<\/strong> \u2013 <a href=\"http:\/\/flixbus.com\" target=\"_blank\" rel=\"noopener\">flixbus.com<\/a><\/li><li><strong>Arriva Croatia<\/strong> \u2013 <a href=\"http:\/\/arriva.com.hr\" target=\"_blank\" rel=\"noopener\">arriva.com.hr<\/a><\/li><\/ul><p><br \/>\ud83d\ude95 <strong>Taxi e transfer<\/strong><\/p><p>Taxi e servizi di ride-sharing operano a Umago e nei dintorni.<br \/>\u00c8 inoltre possibile prenotare transfer privati dagli aeroporti vicini, una soluzione particolarmente comoda se viaggi in gruppo.<\/p>\t\t\t\t\t\t\t\t<\/div>\n\t\t\t\t<\/div>\n\t\t\t\t<div class=\"elementor-element elementor-element-29d5cfd elementor-widget-divider--view-line elementor-widget elementor-widget-divider\" data-id=\"29d5cfd\" data-element_type=\"widget\" data-e-type=\"widget\" data-widget_type=\"divider.default\">\n\t\t\t\t<div class=\"elementor-widget-container\">\n\t\t\t\t\t\t\t<div class=\"elementor-divider\">\n\t\t\t<span class=\"elementor-divider-separator\">\n\t\t\t\t\t\t<\/span>\n\t\t<\/div>\n\t\t\t\t\t\t<\/div>\n\t\t\t\t<\/div>\n\t\t\t\t<div class=\"elementor-element elementor-element-f5597cd elementor-widget elementor-widget-heading\" data-id=\"f5597cd\" data-element_type=\"widget\" data-e-type=\"widget\" data-widget_type=\"heading.default\">\n\t\t\t\t<div class=\"elementor-widget-container\">\n\t\t\t\t\t<h2 class=\"elementor-heading-title elementor-size-default\">Arrivi in auto dai paesi vicini?<\/h2>\t\t\t\t<\/div>\n\t\t\t\t<\/div>\n\t\t\t\t<div class=\"elementor-element elementor-element-7d553dd elementor-widget elementor-widget-text-editor\" data-id=\"7d553dd\" data-element_type=\"widget\" data-e-type=\"widget\" data-widget_type=\"text-editor.default\">\n\t\t\t\t<div class=\"elementor-widget-container\">\n\t\t\t\t\t\t\t\t\t<p>Umago si trova al crocevia tra Croazia, Slovenia e Italia, ed \u00e8 una delle destinazioni festival pi\u00f9 facili da raggiungere in Europa. Autostrade scorrevoli e suggestive strade costiere collegano la citt\u00e0 da ogni direzione.<\/p><p><strong>Alcuni consigli per il viaggio:<\/strong><\/p><ul><li>Valichi di frontiera: porta con te documenti di viaggio validi e verifica in anticipo eventuali requisiti di visto per la tua nazionalit\u00e0.<\/li><li>Auto a noleggio oltreconfine: se noleggi un\u2019auto, assicurati che il contratto consenta di attraversare i confini.<\/li><li>Parcheggi del festival: sono disponibili aree di parcheggio dedicate vicino al sito del festival. Controlla il sito ufficiale per aggiornamenti e informazioni pi\u00f9 vicino alla data dell\u2019evento.<\/li><\/ul>\t\t\t\t\t\t\t\t<\/div>\n\t\t\t\t<\/div>\n\t\t\t\t<\/div>\n\t\t\t\t\t<\/div>\n\t\t\t\t<\/div>\n\t\t\t\t<\/div>\n\t\t","protected":false},"excerpt":{"rendered":"<p>Certi viaggi fanno parte dell\u2019esperienza Il Sea Star Festival prende vita nella laguna di Stella Maris a Umago, affacciata sulla splendida costa adriatica nel cuore dell\u2019Istria croata. Qualunque sia il tuo modo di arrivare, in aereo, in auto o con i mezzi pubblici, il viaggio verso Umago \u00e8 bello quanto la destinazione stessa.La penisola ti [&hellip;]<\/p>\n","protected":false},"author":1,"featured_media":59656,"parent":0,"menu_order":4,"comment_status":"closed","ping_status":"closed","template":"","meta":{"_acf_changed":false,"footnotes":""},"class_list":["post-61034","page","type-page","status-publish","has-post-thumbnail","hentry"],"acf":[],"_links":{"self":[{"href":"https:\/\/www.seastarfestival.com\/it\/wp-json\/wp\/v2\/pages\/61034","targetHints":{"allow":["GET"]}}],"collection":[{"href":"https:\/\/www.seastarfestival.com\/it\/wp-json\/wp\/v2\/pages"}],"about":[{"href":"https:\/\/www.seastarfestival.com\/it\/wp-json\/wp\/v2\/types\/page"}],"author":[{"embeddable":true,"href":"https:\/\/www.seastarfestival.com\/it\/wp-json\/wp\/v2\/users\/1"}],"replies":[{"embeddable":true,"href":"https:\/\/www.seastarfestival.com\/it\/wp-json\/wp\/v2\/comments?post=61034"}],"version-history":[{"count":16,"href":"https:\/\/www.seastarfestival.com\/it\/wp-json\/wp\/v2\/pages\/61034\/revisions"}],"predecessor-version":[{"id":61102,"href":"https:\/\/www.seastarfestival.com\/it\/wp-json\/wp\/v2\/pages\/61034\/revisions\/61102"}],"wp:featuredmedia":[{"embeddable":true,"href":"https:\/\/www.seastarfestival.com\/it\/wp-json\/wp\/v2\/media\/59656"}],"wp:attachment":[{"href":"https:\/\/www.seastarfestival.com\/it\/wp-json\/wp\/v2\/media?parent=61034"}],"curies":[{"name":"wp","href":"https:\/\/api.w.org\/{rel}","templated":true}]}}