{"id":23844,"date":"2021-11-26T16:52:52","date_gmt":"2021-11-26T15:52:52","guid":{"rendered":"https:\/\/www.seastarfestival.com\/?page_id=23844"},"modified":"2025-01-02T10:25:28","modified_gmt":"2025-01-02T09:25:28","slug":"location","status":"publish","type":"page","link":"https:\/\/www.seastarfestival.com\/it\/location","title":{"rendered":"Location"},"content":{"rendered":"\t\t<div data-elementor-type=\"wp-page\" data-elementor-id=\"23844\" class=\"elementor elementor-23844 elementor-25806\" data-elementor-post-type=\"page\">\n\t\t\t\t<div class=\"elementor-element elementor-element-74c0b15 e-con-full e-flex e-con e-parent\" data-id=\"74c0b15\" data-element_type=\"container\">\n\t\t\t\t<div class=\"elementor-element elementor-element-73ed037 elementor-widget__width-initial elementor-widget elementor-widget-template\" data-id=\"73ed037\" data-element_type=\"widget\" data-widget_type=\"template.default\">\n\t\t\t\t<div class=\"elementor-widget-container\">\n\t\t\t\t\t\t\t<div class=\"elementor-template\">\n\t\t\t\t\t<div data-elementor-type=\"section\" data-elementor-id=\"48415\" class=\"elementor elementor-48415\" data-elementor-post-type=\"elementor_library\">\n\t\t\t<div class=\"elementor-element elementor-element-ea336ad e-flex e-con-boxed e-con e-parent\" data-id=\"ea336ad\" data-element_type=\"container\" data-settings=\"{&quot;background_background&quot;:&quot;classic&quot;}\">\n\t\t\t\t\t<div class=\"e-con-inner\">\n\t\t<div class=\"elementor-element elementor-element-3faa944 e-con-full e-flex e-con e-child\" data-id=\"3faa944\" data-element_type=\"container\">\n\t\t<div class=\"elementor-element elementor-element-651e20c e-con-full e-flex e-con e-child\" data-id=\"651e20c\" data-element_type=\"container\">\n\t\t\t\t<div class=\"elementor-element elementor-element-43298c4 elementor-widget elementor-widget-heading\" data-id=\"43298c4\" data-element_type=\"widget\" data-widget_type=\"heading.default\">\n\t\t\t\t<div class=\"elementor-widget-container\">\n\t\t\t\t\t<h1 class=\"elementor-heading-title elementor-size-default\">Location<\/h1>\t\t\t\t<\/div>\n\t\t\t\t<\/div>\n\t\t\t\t<\/div>\n\t\t<div class=\"elementor-element elementor-element-5e6cad0 e-con-full e-flex e-con e-child\" data-id=\"5e6cad0\" data-element_type=\"container\">\n\t\t\t\t<div class=\"elementor-element elementor-element-5f0f275 elementor-align-right elementor-widget elementor-widget-breadcrumbs\" data-id=\"5f0f275\" data-element_type=\"widget\" data-widget_type=\"breadcrumbs.default\">\n\t\t\t\t<div class=\"elementor-widget-container\">\n\t\t\t\t\t<div id=\"breadcrumbs\"><span><span><a href=\"https:\/\/www.seastarfestival.com\/it\">Homepage<\/a><\/span><\/span><\/div>\t\t\t\t<\/div>\n\t\t\t\t<\/div>\n\t\t\t\t<\/div>\n\t\t\t\t<\/div>\n\t\t\t\t\t<\/div>\n\t\t\t\t<\/div>\n\t\t\t\t<\/div>\n\t\t\t\t<\/div>\n\t\t\t\t\t\t<\/div>\n\t\t\t\t<\/div>\n\t\t\t\t<\/div>\n\t\t<div class=\"elementor-element elementor-element-5682bc6 e-flex e-con-boxed e-con e-parent\" data-id=\"5682bc6\" data-element_type=\"container\">\n\t\t\t\t\t<div class=\"e-con-inner\">\n\t\t<div class=\"elementor-element elementor-element-58597ca e-con-full e-flex e-con e-child\" data-id=\"58597ca\" data-element_type=\"container\">\n\t\t\t\t<div class=\"elementor-element elementor-element-732ccad elementor-widget elementor-widget-heading\" data-id=\"732ccad\" data-element_type=\"widget\" data-widget_type=\"heading.default\">\n\t\t\t\t<div class=\"elementor-widget-container\">\n\t\t\t\t\t<h2 class=\"elementor-heading-title elementor-size-default\">Risveglia la tua estate con I festival!<\/h2>\t\t\t\t<\/div>\n\t\t\t\t<\/div>\n\t\t\t\t<div class=\"elementor-element elementor-element-4ac3f55 elementor-widget elementor-widget-text-editor\" data-id=\"4ac3f55\" data-element_type=\"widget\" data-widget_type=\"text-editor.default\">\n\t\t\t\t<div class=\"elementor-widget-container\">\n\t\t\t\t\t\t\t\t\t<p><strong>Il Sea Star Festival<\/strong> ha luogo all\u2019interno del ATP Tennis Stadium, situato nei pressi della spiaggia del resort Stella Maris ad Umag, in Croazia. <strong>Il Main Stage del festival si trova a soli 15 metri dal mare<\/strong>.<\/p><p>Tutti gli <strong>altri palchi<\/strong> si collocano sulla <strong>laguna, che ha un aspetto surreale<\/strong>, con temperature miti e sopra i 20\u00b0C. Perfetto sia per nuotare nel Mare Adriatico che per le diverse attivit\u00e0 balneari che avranno luogo durante il festival!<\/p>\t\t\t\t\t\t\t\t<\/div>\n\t\t\t\t<\/div>\n\t\t\t\t<div class=\"elementor-element elementor-element-ae11bf4 elementor-widget elementor-widget-image\" data-id=\"ae11bf4\" data-element_type=\"widget\" data-widget_type=\"image.default\">\n\t\t\t\t<div class=\"elementor-widget-container\">\n\t\t\t\t\t\t\t\t\t\t\t\t\t\t\t\t<a href=\"https:\/\/seastarfestival.com\/wp-content\/uploads\/2024\/12\/1200x800_Umag_drone-1-1.jpg\" data-elementor-open-lightbox=\"yes\" data-e-action-hash=\"#elementor-action%3Aaction%3Dlightbox%26settings%3DeyJpZCI6NDk0MTAsInVybCI6Imh0dHBzOlwvXC93d3cuc2Vhc3RhcmZlc3RpdmFsLmNvbVwvd3AtY29udGVudFwvdXBsb2Fkc1wvMjAyNFwvMTJcLzEyMDB4ODAwX1VtYWdfZHJvbmUtMS0xLmpwZyJ9\">\n\t\t\t\t\t\t\t<img fetchpriority=\"high\" decoding=\"async\" width=\"800\" height=\"534\" src=\"https:\/\/www.seastarfestival.com\/wp-content\/uploads\/2024\/12\/1200x800_Umag_drone-1-1-1024x683.jpg\" class=\"attachment-large size-large wp-image-49410\" alt=\"\" srcset=\"https:\/\/www.seastarfestival.com\/wp-content\/uploads\/2024\/12\/1200x800_Umag_drone-1-1-1024x683.jpg 1024w, https:\/\/www.seastarfestival.com\/wp-content\/uploads\/2024\/12\/1200x800_Umag_drone-1-1-300x200.jpg 300w, https:\/\/www.seastarfestival.com\/wp-content\/uploads\/2024\/12\/1200x800_Umag_drone-1-1-768x512.jpg 768w, https:\/\/www.seastarfestival.com\/wp-content\/uploads\/2024\/12\/1200x800_Umag_drone-1-1.jpg 1200w\" sizes=\"(max-width: 800px) 100vw, 800px\" \/>\t\t\t\t\t\t\t\t<\/a>\n\t\t\t\t\t\t\t\t\t\t\t\t\t\t\t<\/div>\n\t\t\t\t<\/div>\n\t\t\t\t<div class=\"elementor-element elementor-element-4324655 elementor-widget elementor-widget-image\" data-id=\"4324655\" data-element_type=\"widget\" data-widget_type=\"image.default\">\n\t\t\t\t<div class=\"elementor-widget-container\">\n\t\t\t\t\t\t\t\t\t\t\t\t\t\t\t\t<a href=\"https:\/\/seastarfestival.com\/wp-content\/uploads\/2024\/12\/1200x800_dron-3-1-1.jpg\" data-elementor-open-lightbox=\"yes\" data-e-action-hash=\"#elementor-action%3Aaction%3Dlightbox%26settings%3DeyJpZCI6NDk0MTYsInVybCI6Imh0dHBzOlwvXC93d3cuc2Vhc3RhcmZlc3RpdmFsLmNvbVwvd3AtY29udGVudFwvdXBsb2Fkc1wvMjAyNFwvMTJcLzEyMDB4ODAwX2Ryb24tMy0xLTEuanBnIn0%3D\">\n\t\t\t\t\t\t\t<img decoding=\"async\" width=\"800\" height=\"534\" src=\"https:\/\/www.seastarfestival.com\/wp-content\/uploads\/2024\/12\/1200x800_dron-3-1-1-1024x683.jpg\" class=\"attachment-large size-large wp-image-49416\" alt=\"\" srcset=\"https:\/\/www.seastarfestival.com\/wp-content\/uploads\/2024\/12\/1200x800_dron-3-1-1-1024x683.jpg 1024w, https:\/\/www.seastarfestival.com\/wp-content\/uploads\/2024\/12\/1200x800_dron-3-1-1-300x200.jpg 300w, https:\/\/www.seastarfestival.com\/wp-content\/uploads\/2024\/12\/1200x800_dron-3-1-1-768x512.jpg 768w, https:\/\/www.seastarfestival.com\/wp-content\/uploads\/2024\/12\/1200x800_dron-3-1-1.jpg 1200w\" sizes=\"(max-width: 800px) 100vw, 800px\" \/>\t\t\t\t\t\t\t\t<\/a>\n\t\t\t\t\t\t\t\t\t\t\t\t\t\t\t<\/div>\n\t\t\t\t<\/div>\n\t\t\t\t<div class=\"elementor-element elementor-element-f195b7f elementor-widget elementor-widget-heading\" data-id=\"f195b7f\" data-element_type=\"widget\" data-widget_type=\"heading.default\">\n\t\t\t\t<div class=\"elementor-widget-container\">\n\t\t\t\t\t<h2 class=\"elementor-heading-title elementor-size-default\">Umag, Croazia<\/h2>\t\t\t\t<\/div>\n\t\t\t\t<\/div>\n\t\t\t\t<div class=\"elementor-element elementor-element-1db80b4 elementor-widget elementor-widget-text-editor\" data-id=\"1db80b4\" data-element_type=\"widget\" data-widget_type=\"text-editor.default\">\n\t\t\t\t<div class=\"elementor-widget-container\">\n\t\t\t\t\t\t\t\t\t<p>Umag, citt\u00e0 al nord-ovest della fantastica costa croata, non \u00e8 solo una combinazione mozzafiato tra stili barocchi e rinascimentali e clima mediterraneo, ma anche la casa del <strong>Sea Star Music Festival!<\/strong><\/p><p>Con un gran numero di attrazioni tra cui le bellissime colline fortificate e la surreale laguna, questa citt\u00e0 croata \u00e8 il luogo perfetto sia per feste e lunghe nottate in spiaggia che per giornate turistiche all\u2019insegna del vino istriota e il meglio della cucina locale.<\/p><p>Oltre il Sea Star Festival, Umag \u00e8 anche la dimora di diversi eventi. Tra i pi\u00f9 conosciuti, il <strong>Croatia Open<\/strong> e l\u2019ATP Tennis Tournament maschile. Il Croatia Open condivide con il Sea Star Festival la sua sede: il <strong>Goran Ivani\u0161evi\u0107 ATP Stadium<\/strong>, situato sulla spiaggia.<\/p>\t\t\t\t\t\t\t\t<\/div>\n\t\t\t\t<\/div>\n\t\t\t\t<div class=\"elementor-element elementor-element-37ac8d7 elementor-widget elementor-widget-image\" data-id=\"37ac8d7\" data-element_type=\"widget\" data-widget_type=\"image.default\">\n\t\t\t\t<div class=\"elementor-widget-container\">\n\t\t\t\t\t\t\t\t\t\t\t\t\t\t\t\t<a href=\"https:\/\/seastarfestival.com\/wp-content\/uploads\/2024\/12\/1200x800_Umag_oldtown-1-1-1.jpg\" data-elementor-open-lightbox=\"yes\" data-e-action-hash=\"#elementor-action%3Aaction%3Dlightbox%26settings%3DeyJpZCI6NDk0MjIsInVybCI6Imh0dHBzOlwvXC93d3cuc2Vhc3RhcmZlc3RpdmFsLmNvbVwvd3AtY29udGVudFwvdXBsb2Fkc1wvMjAyNFwvMTJcLzEyMDB4ODAwX1VtYWdfb2xkdG93bi0xLTEtMS5qcGcifQ%3D%3D\">\n\t\t\t\t\t\t\t<img decoding=\"async\" width=\"800\" height=\"534\" src=\"https:\/\/www.seastarfestival.com\/wp-content\/uploads\/2024\/12\/1200x800_Umag_oldtown-1-1-1-1024x683.jpg\" class=\"attachment-large size-large wp-image-49422\" alt=\"\" srcset=\"https:\/\/www.seastarfestival.com\/wp-content\/uploads\/2024\/12\/1200x800_Umag_oldtown-1-1-1-1024x683.jpg 1024w, https:\/\/www.seastarfestival.com\/wp-content\/uploads\/2024\/12\/1200x800_Umag_oldtown-1-1-1-300x200.jpg 300w, https:\/\/www.seastarfestival.com\/wp-content\/uploads\/2024\/12\/1200x800_Umag_oldtown-1-1-1-768x512.jpg 768w, https:\/\/www.seastarfestival.com\/wp-content\/uploads\/2024\/12\/1200x800_Umag_oldtown-1-1-1.jpg 1200w\" sizes=\"(max-width: 800px) 100vw, 800px\" \/>\t\t\t\t\t\t\t\t<\/a>\n\t\t\t\t\t\t\t\t\t\t\t\t\t\t\t<\/div>\n\t\t\t\t<\/div>\n\t\t\t\t<div class=\"elementor-element elementor-element-b7fa16f elementor-widget elementor-widget-heading\" data-id=\"b7fa16f\" data-element_type=\"widget\" data-widget_type=\"heading.default\">\n\t\t\t\t<div class=\"elementor-widget-container\">\n\t\t\t\t\t<h2 class=\"elementor-heading-title elementor-size-default\">Stadion Goran Ivani\u0161evi\u0107 ATP<\/h2>\t\t\t\t<\/div>\n\t\t\t\t<\/div>\n\t\t\t\t<div class=\"elementor-element elementor-element-c33c3e4 elementor-widget elementor-widget-text-editor\" data-id=\"c33c3e4\" data-element_type=\"widget\" data-widget_type=\"text-editor.default\">\n\t\t\t\t<div class=\"elementor-widget-container\">\n\t\t\t\t\t\t\t\t\t<p>Nonostante questo stadio di Umag dalla forma a conchiglia esista gi\u00e0 dal 1990, nel 2016 uno dei pi\u00f9 grandi giocatori di tennis croati di sempre gli ha dato il nome: Goran Ivani\u0161evi\u0107.<\/p><p>Dal 2017, lo stadio ospita anche la <strong>Nautilus Arena<\/strong>, uno dei due <strong>palchi principali del Sea Star<\/strong>: questo palco \u00e8 dedicato alla musica hip-hop, mentre l\u2019altro palco principale \u00e8 dedicato a musica alternative elettronica.<\/p>\t\t\t\t\t\t\t\t<\/div>\n\t\t\t\t<\/div>\n\t\t\t\t<div class=\"elementor-element elementor-element-8d1593f elementor-widget elementor-widget-image\" data-id=\"8d1593f\" data-element_type=\"widget\" data-widget_type=\"image.default\">\n\t\t\t\t<div class=\"elementor-widget-container\">\n\t\t\t\t\t\t\t\t\t\t\t\t\t\t\t\t<a href=\"https:\/\/seastarfestival.com\/wp-content\/uploads\/2024\/12\/1200x800-SSF_02-1-1-1.jpg\" data-elementor-open-lightbox=\"yes\" data-e-action-hash=\"#elementor-action%3Aaction%3Dlightbox%26settings%3DeyJpZCI6NDk0MjgsInVybCI6Imh0dHBzOlwvXC93d3cuc2Vhc3RhcmZlc3RpdmFsLmNvbVwvd3AtY29udGVudFwvdXBsb2Fkc1wvMjAyNFwvMTJcLzEyMDB4ODAwLVNTRl8wMi0xLTEtMS5qcGcifQ%3D%3D\">\n\t\t\t\t\t\t\t<img loading=\"lazy\" decoding=\"async\" width=\"800\" height=\"534\" src=\"https:\/\/www.seastarfestival.com\/wp-content\/uploads\/2024\/12\/1200x800-SSF_02-1-1-1-1024x683.jpg\" class=\"attachment-large size-large wp-image-49428\" alt=\"\" srcset=\"https:\/\/www.seastarfestival.com\/wp-content\/uploads\/2024\/12\/1200x800-SSF_02-1-1-1-1024x683.jpg 1024w, https:\/\/www.seastarfestival.com\/wp-content\/uploads\/2024\/12\/1200x800-SSF_02-1-1-1-300x200.jpg 300w, https:\/\/www.seastarfestival.com\/wp-content\/uploads\/2024\/12\/1200x800-SSF_02-1-1-1-768x512.jpg 768w, https:\/\/www.seastarfestival.com\/wp-content\/uploads\/2024\/12\/1200x800-SSF_02-1-1-1.jpg 1200w\" sizes=\"(max-width: 800px) 100vw, 800px\" \/>\t\t\t\t\t\t\t\t<\/a>\n\t\t\t\t\t\t\t\t\t\t\t\t\t\t\t<\/div>\n\t\t\t\t<\/div>\n\t\t\t\t<div class=\"elementor-element elementor-element-9631053 elementor-widget elementor-widget-text-editor\" data-id=\"9631053\" data-element_type=\"widget\" data-widget_type=\"text-editor.default\">\n\t\t\t\t<div class=\"elementor-widget-container\">\n\t\t\t\t\t\t\t\t\t<p>Un ulteriore vantaggio della incantevole Umag \u00e8 la sua ottima connessione con altre citt\u00e0 nelle vicinanze, sia europee che croate. Ci\u00f2 la rende ancora pi\u00f9 attraente.<\/p>\t\t\t\t\t\t\t\t<\/div>\n\t\t\t\t<\/div>\n\t\t\t\t<\/div>\n\t\t\t\t\t<\/div>\n\t\t\t\t<\/div>\n\t\t\t\t<\/div>\n\t\t","protected":false},"excerpt":{"rendered":"<p>Risveglia la tua estate con I festival! Il Sea Star Festival ha luogo all\u2019interno del ATP Tennis Stadium, situato nei pressi della spiaggia del resort Stella Maris ad Umag, in Croazia. Il Main Stage del festival si trova a soli 15 metri dal mare. Tutti gli altri palchi si collocano sulla laguna, che ha un [&hellip;]<\/p>\n","protected":false},"author":1,"featured_media":59656,"parent":0,"menu_order":4,"comment_status":"closed","ping_status":"closed","template":"","meta":{"_acf_changed":false,"footnotes":""},"class_list":["post-23844","page","type-page","status-publish","has-post-thumbnail","hentry"],"acf":[],"_links":{"self":[{"href":"https:\/\/www.seastarfestival.com\/it\/wp-json\/wp\/v2\/pages\/23844","targetHints":{"allow":["GET"]}}],"collection":[{"href":"https:\/\/www.seastarfestival.com\/it\/wp-json\/wp\/v2\/pages"}],"about":[{"href":"https:\/\/www.seastarfestival.com\/it\/wp-json\/wp\/v2\/types\/page"}],"author":[{"embeddable":true,"href":"https:\/\/www.seastarfestival.com\/it\/wp-json\/wp\/v2\/users\/1"}],"replies":[{"embeddable":true,"href":"https:\/\/www.seastarfestival.com\/it\/wp-json\/wp\/v2\/comments?post=23844"}],"version-history":[{"count":2,"href":"https:\/\/www.seastarfestival.com\/it\/wp-json\/wp\/v2\/pages\/23844\/revisions"}],"predecessor-version":[{"id":52828,"href":"https:\/\/www.seastarfestival.com\/it\/wp-json\/wp\/v2\/pages\/23844\/revisions\/52828"}],"wp:featuredmedia":[{"embeddable":true,"href":"https:\/\/www.seastarfestival.com\/it\/wp-json\/wp\/v2\/media\/59656"}],"wp:attachment":[{"href":"https:\/\/www.seastarfestival.com\/it\/wp-json\/wp\/v2\/media?parent=23844"}],"curies":[{"name":"wp","href":"https:\/\/api.w.org\/{rel}","templated":true}]}}