{"id":17307,"date":"2019-12-04T09:11:50","date_gmt":"2019-12-04T08:11:50","guid":{"rendered":"https:\/\/www.seastarfestival.com\/?page_id=17307"},"modified":"2025-04-15T20:30:36","modified_gmt":"2025-04-15T18:30:36","slug":"condizioni-duso","status":"publish","type":"page","link":"https:\/\/www.seastarfestival.com\/it\/condizioni-duso","title":{"rendered":"Condizioni d&#8217;uso"},"content":{"rendered":"\t\t<div data-elementor-type=\"wp-page\" data-elementor-id=\"17307\" class=\"elementor elementor-17307 elementor-17302\" data-elementor-post-type=\"page\">\n\t\t\t\t<div class=\"elementor-element elementor-element-4c0aeb6 e-con-full e-flex e-con e-parent\" data-id=\"4c0aeb6\" data-element_type=\"container\">\n\t\t\t\t<div class=\"elementor-element elementor-element-9097c39 elementor-widget__width-initial elementor-widget elementor-widget-template\" data-id=\"9097c39\" data-element_type=\"widget\" data-widget_type=\"template.default\">\n\t\t\t\t<div class=\"elementor-widget-container\">\n\t\t\t\t\t\t\t<div class=\"elementor-template\">\n\t\t\t\t\t<div data-elementor-type=\"section\" data-elementor-id=\"48415\" class=\"elementor elementor-48415\" data-elementor-post-type=\"elementor_library\">\n\t\t\t<div class=\"elementor-element elementor-element-ea336ad e-flex e-con-boxed e-con e-parent\" data-id=\"ea336ad\" data-element_type=\"container\" data-settings=\"{&quot;background_background&quot;:&quot;classic&quot;}\">\n\t\t\t\t\t<div class=\"e-con-inner\">\n\t\t<div class=\"elementor-element elementor-element-3faa944 e-con-full e-flex e-con e-child\" data-id=\"3faa944\" data-element_type=\"container\">\n\t\t<div class=\"elementor-element elementor-element-651e20c e-con-full e-flex e-con e-child\" data-id=\"651e20c\" data-element_type=\"container\">\n\t\t\t\t<div class=\"elementor-element elementor-element-43298c4 elementor-widget elementor-widget-heading\" data-id=\"43298c4\" data-element_type=\"widget\" data-widget_type=\"heading.default\">\n\t\t\t\t<div class=\"elementor-widget-container\">\n\t\t\t\t\t<h1 class=\"elementor-heading-title elementor-size-default\">Condizioni d&#8217;uso<\/h1>\t\t\t\t<\/div>\n\t\t\t\t<\/div>\n\t\t\t\t<\/div>\n\t\t<div class=\"elementor-element elementor-element-5e6cad0 e-con-full e-flex e-con e-child\" data-id=\"5e6cad0\" data-element_type=\"container\">\n\t\t\t\t<div class=\"elementor-element elementor-element-5f0f275 elementor-align-right elementor-widget elementor-widget-breadcrumbs\" data-id=\"5f0f275\" data-element_type=\"widget\" data-widget_type=\"breadcrumbs.default\">\n\t\t\t\t<div class=\"elementor-widget-container\">\n\t\t\t\t\t<div id=\"breadcrumbs\"><span><span><a href=\"https:\/\/www.seastarfestival.com\/it\">Homepage<\/a><\/span><\/span><\/div>\t\t\t\t<\/div>\n\t\t\t\t<\/div>\n\t\t\t\t<\/div>\n\t\t\t\t<\/div>\n\t\t\t\t\t<\/div>\n\t\t\t\t<\/div>\n\t\t\t\t<\/div>\n\t\t\t\t<\/div>\n\t\t\t\t\t\t<\/div>\n\t\t\t\t<\/div>\n\t\t\t\t<\/div>\n\t\t<div class=\"elementor-element elementor-element-9cdcdaf e-flex e-con-boxed e-con e-parent\" data-id=\"9cdcdaf\" data-element_type=\"container\">\n\t\t\t\t\t<div class=\"e-con-inner\">\n\t\t<div class=\"elementor-element elementor-element-b0f42d7 e-con-full e-flex e-con e-child\" data-id=\"b0f42d7\" data-element_type=\"container\">\n\t\t\t\t<div class=\"elementor-element elementor-element-ccbb83d elementor-widget elementor-widget-text-editor\" data-id=\"ccbb83d\" data-element_type=\"widget\" data-widget_type=\"text-editor.default\">\n\t\t\t\t<div class=\"elementor-widget-container\">\n\t\t\t\t\t\t\t\t\t<p><strong><em>Ultimo aggiornamento: 17.12.2019<\/em><\/strong><\/p><p>Grazie per aver visitato il sito ufficiale di Sea Star Festival. La tua visita e l\u2019utilizzo del sito web di Sea Star (di seguito: il Sito) sono soggetti ai Termini e Condizioni e alle normative legali applicabili in questo ambito.<\/p><p>Accedendo e utilizzando il Sito, accetti, senza limitazioni, questi Termini e Condizioni. Se non accetti questi Termini e Condizioni senza limitazioni, ti invitiamo gentilmente a lasciare il Sito.<\/p><p>L&#8217;accesso a questo Sito \u00e8 soggetto ai seguenti Termini e Condizioni:<\/p><h2><strong>Termini e Condizioni delle Informazioni<\/strong><\/h2><p>Tutte le informazioni disponibili su questo Sito sono puramente informative e non possono essere utilizzate per scopi commerciali o distribuite a terzi.<\/p><p>Le informazioni pubblicate da EMC d.o.o. (indirizzo: Ribnjak 12-14, 10000 Zagabria, Croazia; email: <a href=\"mailto:info@seastarfestival.com\">info@seastarfestival.com<\/a>) in questa presentazione online sono considerate corrette e affidabili al momento della loro pubblicazione. EMC d.o.o. pu\u00f2, in qualsiasi momento e senza preavviso, aggiornare le informazioni esistenti o aggiungerne di nuove in questa presentazione online.<\/p><p>EMC d.o.o. non garantisce che il Sito funzioni senza interruzioni o errori, che i problemi vengano risolti tempestivamente o che il Sito sia compatibile con il tuo hardware o software. Le informazioni fornite su questo Sito non devono essere interpretate come consigli per prendere decisioni di qualsiasi tipo. Se hai problemi a comprendere qualcosa su questo Sito mentre lo utilizzi, ti invitiamo a contattarci tramite la <a href=\"https:\/\/www.seastarfestival.com\/en\/contact\/\">Pagina dei Contatti<\/a>.<\/p><h2><strong>Propriet\u00e0 del Contenuto<\/strong><\/h2><p>L&#8217;intero contenuto, ovvero: testi, loghi, grafiche, immagini, contenuti audio e altri contenuti presenti sul Sito (di seguito: il Contenuto), \u00e8 protetto da copyright o di propriet\u00e0 di EMC d.o.o. o \u00e8 stato pubblicato sul Sito con il permesso del proprietario o del titolare autorizzato dei diritti. L&#8217;uso del contenuto, eccetto nei modi descritti in questi Termini e Condizioni, senza il permesso scritto del proprietario del contenuto \u00e8 severamente vietato. EMC d.o.o. protegger\u00e0 il proprio copyright, i diritti di propriet\u00e0 intellettuale e altri diritti correlati, nonch\u00e9 altri diritti, nella misura massima consentita dalla legge, inclusa l&#8217;azione legale.<\/p><h2><strong>Esclusione di Responsabilit\u00e0 del Sito<\/strong><\/h2><p>Utilizzi questo Sito a tuo rischio. EMC d.o.o., n\u00e9 alcuna persona giuridica collegata o dipendente, n\u00e9 filiali, dipendenti, dirigenti o terze parti incaricate da EMC d.o.o. per la creazione, il lancio e la manutenzione del Sito, sono responsabili per eventuali danni, fisici o di altro tipo, diretti, indiretti o incidentali, cos\u00ec come per qualsiasi altro danno derivante dall&#8217;uso del Sito e del suo contenuto, sia contrattuale che extracontrattuale, anche dopo avvertimenti di potenziali danni. Tieni presente che alcune circostanze e giurisdizioni di determinati organi statali non consentono l&#8217;esclusione di responsabilit\u00e0 per determinati danni, il che significa che alcune esclusioni elencate potrebbero non essere applicabili a te.<\/p><h2><strong>Link Esterni<\/strong><\/h2><p>Il Sito contiene link verso altri siti web, il cui proprietario o utente non \u00e8 EMC d.o.o. Tali link sono stati forniti esclusivamente per offrire ulteriori informazioni. EMC d.o.o. non controlla questi siti web, n\u00e9 \u00e8 responsabile per il loro funzionamento, contenuto, politica sulla privacy o sicurezza. EMC d.o.o. non controlla il contenuto, i prodotti o i servizi disponibili su questi siti. Se segui un link sul nostro Sito verso tali siti, lo fai a tuo rischio e senza l&#8217;approvazione di EMC d.o.o.<\/p><h2><strong>Privacy<\/strong><\/h2><p><strong>\u00a0<\/strong>Tutte le informazioni personali (es. nome, indirizzo, numero di telefono o indirizzo e-mail) che lasci sul Sito, via e-mail o in altro modo, saranno utilizzate da EMC d.o.o. in conformit\u00e0 con la <a href=\"https:\/\/www.seastarfestival.com\/en\/privacy-policy\/\">politica sulla privacy<\/a> del Sito.<\/p><p>Qualsiasi altra comunicazione o materiale trasmesso al Sito, come domande, commenti, suggerimenti e simili, non sar\u00e0 trattato come informazione riservata n\u00e9 protetto.<\/p><h2><strong>Limitazione di Accesso<\/strong><\/h2><p>EMC d.o.o. si riserva il diritto di limitare l&#8217;accesso al Sito o a qualsiasi sua parte senza preavviso.<\/p><h2><strong>Aggiornamenti dei Termini e Condizioni<\/strong><\/h2><p>EMC d.o.o. si riserva il diritto di modificare i Termini e Condizioni senza preavviso. Qualsiasi modifica ai Termini e Condizioni sar\u00e0 annunciata nella parte superiore di questa pagina. Sarai automaticamente vincolato dai nuovi Termini e Condizioni e pertanto dovresti visitare questa pagina per conoscere i Termini e Condizioni attuali. Questi Termini e Condizioni non possono essere modificati da te, a meno che EMC d.o.o. non acconsenta a tale modifica.<\/p>\t\t\t\t\t\t\t\t<\/div>\n\t\t\t\t<\/div>\n\t\t\t\t<\/div>\n\t\t\t\t\t<\/div>\n\t\t\t\t<\/div>\n\t\t\t\t<\/div>\n\t\t","protected":false},"excerpt":{"rendered":"<p>Ultimo aggiornamento: 17.12.2019 Grazie per aver visitato il sito ufficiale di Sea Star Festival. La tua visita e l\u2019utilizzo del sito web di Sea Star (di seguito: il Sito) sono soggetti ai Termini e Condizioni e alle normative legali applicabili in questo ambito. Accedendo e utilizzando il Sito, accetti, senza limitazioni, questi Termini e Condizioni. [&hellip;]<\/p>\n","protected":false},"author":1,"featured_media":59656,"parent":0,"menu_order":29,"comment_status":"closed","ping_status":"closed","template":"","meta":{"_acf_changed":false,"footnotes":""},"class_list":["post-17307","page","type-page","status-publish","has-post-thumbnail","hentry"],"acf":[],"_links":{"self":[{"href":"https:\/\/www.seastarfestival.com\/it\/wp-json\/wp\/v2\/pages\/17307","targetHints":{"allow":["GET"]}}],"collection":[{"href":"https:\/\/www.seastarfestival.com\/it\/wp-json\/wp\/v2\/pages"}],"about":[{"href":"https:\/\/www.seastarfestival.com\/it\/wp-json\/wp\/v2\/types\/page"}],"author":[{"embeddable":true,"href":"https:\/\/www.seastarfestival.com\/it\/wp-json\/wp\/v2\/users\/1"}],"replies":[{"embeddable":true,"href":"https:\/\/www.seastarfestival.com\/it\/wp-json\/wp\/v2\/comments?post=17307"}],"version-history":[{"count":2,"href":"https:\/\/www.seastarfestival.com\/it\/wp-json\/wp\/v2\/pages\/17307\/revisions"}],"predecessor-version":[{"id":54644,"href":"https:\/\/www.seastarfestival.com\/it\/wp-json\/wp\/v2\/pages\/17307\/revisions\/54644"}],"wp:featuredmedia":[{"embeddable":true,"href":"https:\/\/www.seastarfestival.com\/it\/wp-json\/wp\/v2\/media\/59656"}],"wp:attachment":[{"href":"https:\/\/www.seastarfestival.com\/it\/wp-json\/wp\/v2\/media?parent=17307"}],"curies":[{"name":"wp","href":"https:\/\/api.w.org\/{rel}","templated":true}]}}