{"id":33510,"date":"2022-12-16T15:03:48","date_gmt":"2022-12-16T14:03:48","guid":{"rendered":"https:\/\/www.seastarfestival.com\/?page_id=33510"},"modified":"2025-03-31T03:27:56","modified_gmt":"2025-03-31T01:27:56","slug":"felhasznalasi-felteteleink","status":"publish","type":"page","link":"https:\/\/www.seastarfestival.com\/hu\/felhasznalasi-felteteleink","title":{"rendered":"Felhaszn\u00e1l\u00e1si felt\u00e9teleink"},"content":{"rendered":"\t\t<div data-elementor-type=\"wp-page\" data-elementor-id=\"33510\" class=\"elementor elementor-33510 elementor-17302\" data-elementor-post-type=\"page\">\n\t\t\t\t<div class=\"elementor-element elementor-element-7e82148 e-con-full e-flex e-con e-parent\" data-id=\"7e82148\" data-element_type=\"container\" data-e-type=\"container\">\n\t\t\t\t<div class=\"elementor-element elementor-element-179ad8b elementor-widget__width-initial elementor-widget elementor-widget-template\" data-id=\"179ad8b\" data-element_type=\"widget\" data-e-type=\"widget\" data-widget_type=\"template.default\">\n\t\t\t\t<div class=\"elementor-widget-container\">\n\t\t\t\t\t\t\t<div class=\"elementor-template\">\n\t\t\t\t\t<div data-elementor-type=\"section\" data-elementor-id=\"48415\" class=\"elementor elementor-48415\" data-elementor-post-type=\"elementor_library\">\n\t\t\t<div class=\"elementor-element elementor-element-ea336ad e-flex e-con-boxed e-con e-parent\" data-id=\"ea336ad\" data-element_type=\"container\" data-e-type=\"container\" data-settings=\"{&quot;background_background&quot;:&quot;classic&quot;}\">\n\t\t\t\t\t<div class=\"e-con-inner\">\n\t\t<div class=\"elementor-element elementor-element-3faa944 e-con-full e-flex e-con e-child\" data-id=\"3faa944\" data-element_type=\"container\" data-e-type=\"container\">\n\t\t<div class=\"elementor-element elementor-element-651e20c e-con-full e-flex e-con e-child\" data-id=\"651e20c\" data-element_type=\"container\" data-e-type=\"container\">\n\t\t\t\t<div class=\"elementor-element elementor-element-43298c4 elementor-widget elementor-widget-heading\" data-id=\"43298c4\" data-element_type=\"widget\" data-e-type=\"widget\" data-widget_type=\"heading.default\">\n\t\t\t\t<div class=\"elementor-widget-container\">\n\t\t\t\t\t<h1 class=\"elementor-heading-title elementor-size-default\">Felhaszn\u00e1l\u00e1si felt\u00e9teleink<\/h1>\t\t\t\t<\/div>\n\t\t\t\t<\/div>\n\t\t\t\t<\/div>\n\t\t<div class=\"elementor-element elementor-element-5e6cad0 e-con-full e-flex e-con e-child\" data-id=\"5e6cad0\" data-element_type=\"container\" data-e-type=\"container\">\n\t\t\t\t<div class=\"elementor-element elementor-element-5f0f275 elementor-align-right elementor-widget elementor-widget-breadcrumbs\" data-id=\"5f0f275\" data-element_type=\"widget\" data-e-type=\"widget\" data-widget_type=\"breadcrumbs.default\">\n\t\t\t\t<div class=\"elementor-widget-container\">\n\t\t\t\t\t<div id=\"breadcrumbs\"><span><span><a href=\"https:\/\/www.seastarfestival.com\/hu\">Kezd\u0151lap<\/a><\/span><\/span><\/div>\t\t\t\t<\/div>\n\t\t\t\t<\/div>\n\t\t\t\t<\/div>\n\t\t\t\t<\/div>\n\t\t\t\t\t<\/div>\n\t\t\t\t<\/div>\n\t\t\t\t<\/div>\n\t\t\t\t<\/div>\n\t\t\t\t\t\t<\/div>\n\t\t\t\t<\/div>\n\t\t\t\t<\/div>\n\t\t<div class=\"elementor-element elementor-element-f47cf29 e-flex e-con-boxed e-con e-parent\" data-id=\"f47cf29\" data-element_type=\"container\" data-e-type=\"container\">\n\t\t\t\t\t<div class=\"e-con-inner\">\n\t\t<div class=\"elementor-element elementor-element-0fef97b e-con-full e-flex e-con e-child\" data-id=\"0fef97b\" data-element_type=\"container\" data-e-type=\"container\">\n\t\t\t\t<div class=\"elementor-element elementor-element-02c81b0 elementor-widget elementor-widget-text-editor\" data-id=\"02c81b0\" data-element_type=\"widget\" data-e-type=\"widget\" data-widget_type=\"text-editor.default\">\n\t\t\t\t<div class=\"elementor-widget-container\">\n\t\t\t\t\t\t\t\t\t<p><strong><em>Utolj\u00e1ra friss\u00edtve: 2019.12.17.<\/em><\/strong><\/p><p>K\u00f6sz\u00f6nj\u00fck, hogy ell\u00e1togatott a Sea Star Festival hivatalos weboldal\u00e1ra. A weboldal megl\u00e1togat\u00e1sa \u00e9s haszn\u00e1lata (a tov\u00e1bbiakban: Weboldal) a Felhaszn\u00e1l\u00e1si felt\u00e9teleknek \u00e9s az adott ter\u00fcletre vonatkoz\u00f3 hat\u00e1lyos jogszab\u00e1lyoknak van al\u00e1rendelve.<\/p><p>A Weboldalhoz val\u00f3 hozz\u00e1f\u00e9r\u00e9ssel \u00e9s annak haszn\u00e1lat\u00e1val korl\u00e1toz\u00e1s n\u00e9lk\u00fcl elfogadja a jelen Felhaszn\u00e1l\u00e1si felt\u00e9teleket. Ha nem fogadja el ezeket a felt\u00e9teleket korl\u00e1toz\u00e1s n\u00e9lk\u00fcl, k\u00e9rj\u00fck, hagyja el a Weboldalt.<\/p><p>A Weboldalhoz val\u00f3 hozz\u00e1f\u00e9r\u00e9s az al\u00e1bbi felt\u00e9telekhez k\u00f6t\u00f6tt:<\/p><h2><strong>Inform\u00e1ci\u00f3kra vonatkoz\u00f3 felt\u00e9telek<\/strong><\/h2><p>A Weboldalon el\u00e9rhet\u0151 minden inform\u00e1ci\u00f3 kiz\u00e1r\u00f3lag t\u00e1j\u00e9koztat\u00f3 jelleg\u0171, \u00e9s nem haszn\u00e1lhat\u00f3 kereskedelmi c\u00e9lokra, valamint nem terjeszthet\u0151 harmadik f\u00e9l sz\u00e1m\u00e1ra.<\/p><p>Az EMC d.o.o. (c\u00edm: Ribnjak 12-14, 10000 Z\u00e1gr\u00e1b, Horv\u00e1torsz\u00e1g; email: <a href=\"mailto:info@seastarfestival.com\">info@seastarfestival.com<\/a>) \u00e1ltal k\u00f6zz\u00e9tett inform\u00e1ci\u00f3kat az internetes fel\u00fcleten azok k\u00f6zz\u00e9t\u00e9tel\u00e9nek pillanat\u00e1ban helyesnek \u00e9s megb\u00edzhat\u00f3nak tekintj\u00fck. Az EMC d.o.o. b\u00e1rmikor, el\u0151zetes \u00e9rtes\u00edt\u00e9s n\u00e9lk\u00fcl friss\u00edtheti a megl\u00e9v\u0151 inform\u00e1ci\u00f3kat vagy \u00fajakat adhat hozz\u00e1 a Weboldalon.<\/p><p>Az EMC d.o.o. nem garant\u00e1lja, hogy a Weboldal megszak\u00edt\u00e1sok vagy hib\u00e1k n\u00e9lk\u00fcl fog m\u0171k\u00f6dni, hogy az esetleges probl\u00e9m\u00e1k id\u0151ben kijav\u00edt\u00e1sra ker\u00fclnek, vagy hogy a Weboldal kompatibilis az \u00d6n hardver\u00e9vel vagy szoftver\u00e9vel. A Weboldalon tal\u00e1lhat\u00f3 inform\u00e1ci\u00f3k nem \u00e9rtelmezhet\u0151k d\u00f6nt\u00e9shozatali tan\u00e1csk\u00e9nt. Ha a Weboldal haszn\u00e1lata k\u00f6zben valamit nem \u00e9rt, k\u00e9rj\u00fck, l\u00e9pjen kapcsolatba vel\u00fcnk a <a href=\"https:\/\/www.seastarfestival.com\/en\/contact\/\">Kapcsolatfelv\u00e9teli oldal<\/a> seg\u00edts\u00e9g\u00e9vel.<\/p><h2><strong>Tartalmi tulajdonjog<\/strong><\/h2><p>A teljes tartalom, azaz a sz\u00f6vegek, log\u00f3k, grafik\u00e1k, k\u00e9pek, hanganyagok \u00e9s egy\u00e9b tartalmak (a tov\u00e1bbiakban: Tartalom) szerz\u0151i jogv\u00e9delem alatt \u00e1llnak, \u00e9s az EMC d.o.o. tulajdon\u00e1t k\u00e9pezik, vagy a tulajdonos vagy jogosult enged\u00e9ly\u00e9vel ker\u00fcltek k\u00f6zz\u00e9t\u00e9telre. A tartalom b\u00e1rmilyen m\u00e1s m\u00f3don t\u00f6rt\u00e9n\u0151 felhaszn\u00e1l\u00e1sa, a jelen Felhaszn\u00e1l\u00e1si felt\u00e9telekben le\u00edrtakon k\u00edv\u00fcl, az EMC d.o.o. \u00edr\u00e1sos enged\u00e9lye n\u00e9lk\u00fcl szigor\u00faan tilos. Az EMC d.o.o. a t\u00f6rv\u00e9ny adta keretek k\u00f6z\u00f6tt minden jog\u00e1t megv\u00e9di, bele\u00e9rtve a szerz\u0151i jogokat, szellemi tulajdonhoz f\u0171z\u0151d\u0151 jogokat, valamint m\u00e1s kapcsol\u00f3d\u00f3 jogokat is, jogi elj\u00e1r\u00e1sok \u00fatj\u00e1n is.<\/p><h2><strong>Felel\u0151ss\u00e9gkiz\u00e1r\u00e1s<\/strong><\/h2><p>A Weboldalt saj\u00e1t felel\u0151ss\u00e9g\u00e9re haszn\u00e1lja. Az EMC d.o.o., valamint az ahhoz kapcsol\u00f3d\u00f3 vagy al\u00e1rendelt jogi szem\u00e9lyek, kirendelts\u00e9gek, alkalmazottak, vezet\u0151k, tov\u00e1bb\u00e1 az EMC d.o.o. \u00e1ltal a Weboldal l\u00e9trehoz\u00e1s\u00e1val, \u00fczembe helyez\u00e9s\u00e9vel \u00e9s fenntart\u00e1s\u00e1val megb\u00edzott harmadik felek semmilyen esetben nem felel\u0151sek sem k\u00f6zvetlen, sem k\u00f6zvetett, sem v\u00e9letlenszer\u0171, sem m\u00e1s jelleg\u0171 fizikai vagy egy\u00e9b k\u00e1rok\u00e9rt, amelyek a Weboldal \u00e9s annak tartalm\u00e1nak haszn\u00e1lat\u00e1b\u00f3l erednek \u2013 ak\u00e1r szerz\u0151d\u00e9ses, ak\u00e1r szerz\u0151d\u00e9sen k\u00edv\u00fcli, ak\u00e1r m\u00e1s jogc\u00edmen \u2013, m\u00e9g akkor sem, ha ezek lehet\u0151s\u00e9g\u00e9re figyelmeztett\u00e9k. Vegye figyelembe, hogy bizonyos k\u00f6r\u00fclm\u00e9nyek \u00e9s egyes \u00e1llami szervek joghat\u00f3s\u00e1gai nem engedik meg bizonyos felel\u0151ss\u00e9gkiz\u00e1r\u00e1sok alkalmaz\u00e1s\u00e1t, \u00edgy ezek egy r\u00e9sze \u00d6nre nem felt\u00e9tlen\u00fcl vonatkozik.<\/p><h2><strong>Kifel\u00e9 mutat\u00f3 hivatkoz\u00e1sok<\/strong><\/h2><p>A Weboldal m\u00e1s weboldalakra mutat\u00f3 hivatkoz\u00e1sokat tartalmazhat, melyek nem az EMC d.o.o. tulajdon\u00e1ban vannak vagy nincsenek annak kezel\u00e9s\u00e9ben. Ezek a hivatkoz\u00e1sok kiz\u00e1r\u00f3lag az \u00d6n t\u00e1j\u00e9koztat\u00e1sa c\u00e9lj\u00e1b\u00f3l ker\u00fcltek elhelyez\u00e9sre. Az EMC d.o.o. nem ellen\u0151rzi ezen weboldalakat, \u00e9s nem v\u00e1llal felel\u0151ss\u00e9get azok m\u0171k\u00f6d\u00e9s\u00e9\u00e9rt, tartalm\u00e1\u00e9rt, adatv\u00e9delmi ir\u00e1nyelvei\u00e9rt vagy biztons\u00e1g\u00e1\u00e9rt. Az EMC d.o.o. nem ellen\u0151rzi az ilyen weboldalakon el\u00e9rhet\u0151 tartalmakat, term\u00e9keket vagy szolg\u00e1ltat\u00e1sokat. Ha a Weboldalon tal\u00e1lhat\u00f3 hivatkoz\u00e1sokat k\u00f6vetve elhagyja a Weboldalt, azt saj\u00e1t felel\u0151ss\u00e9g\u00e9re \u00e9s az EMC d.o.o. j\u00f3v\u00e1hagy\u00e1sa n\u00e9lk\u00fcl teszi.<\/p><h2><strong>Adatv\u00e9delem<\/strong><\/h2><p><strong>\u00a0<\/strong>Minden szem\u00e9lyes adat (pl. n\u00e9v, c\u00edm, telefonsz\u00e1m vagy e-mail c\u00edm), amit a Weboldalon kereszt\u00fcl, e-mailben vagy m\u00e1s m\u00f3don megad, az EMC d.o.o. \u00e1ltal a Weboldal <a href=\"https:\/\/www.seastarfestival.com\/en\/privacy-policy\/\">adatv\u00e9delmi szab\u00e1lyzat\u00e1nak<\/a> megfelel\u0151en ker\u00fcl felhaszn\u00e1l\u00e1sra.<\/p><p>Minden m\u00e1s k\u00f6zl\u00e9s vagy anyag, amit a Weboldalra tov\u00e1bb\u00edt (pl. k\u00e9rd\u00e9sek, megjegyz\u00e9sek, javaslatok stb.) nem min\u0151s\u00fcl bizalmas inform\u00e1ci\u00f3nak, \u00e9s nem \u00e9lvez v\u00e9delmet.<\/p><h2><strong>Hozz\u00e1f\u00e9r\u00e9s korl\u00e1toz\u00e1sa<\/strong><\/h2><p>Az EMC d.o.o. fenntartja a jogot arra, hogy el\u0151zetes figyelmeztet\u00e9s n\u00e9lk\u00fcl korl\u00e1tozza a hozz\u00e1f\u00e9r\u00e9st a Weboldalhoz vagy annak b\u00e1rmely r\u00e9sz\u00e9hez.<\/p><h2><strong>Felhaszn\u00e1l\u00e1si felt\u00e9telek m\u00f3dos\u00edt\u00e1sa<\/strong><\/h2><p>Az EMC d.o.o. fenntartja a jogot, hogy el\u0151zetes \u00e9rtes\u00edt\u00e9s n\u00e9lk\u00fcl m\u00f3dos\u00edtsa a Felhaszn\u00e1l\u00e1si felt\u00e9teleket. Minden v\u00e1ltoz\u00e1s a jelen oldal tetej\u00e9n ker\u00fcl bejelent\u00e9sre. \u00d6n automatikusan k\u00f6teles betartani az \u00faj felt\u00e9teleket, ez\u00e9rt javasoljuk, hogy rendszeresen l\u00e1togassa meg ezt az oldalt a mindenkor hat\u00e1lyos felt\u00e9telek megismer\u00e9se \u00e9rdek\u00e9ben. Ezeket a felt\u00e9teleket \u00d6n nem m\u00f3dos\u00edthatja, kiv\u00e9ve, ha azt az EMC d.o.o. kifejezetten j\u00f3v\u00e1hagyja.<\/p>\t\t\t\t\t\t\t\t<\/div>\n\t\t\t\t<\/div>\n\t\t\t\t<\/div>\n\t\t\t\t\t<\/div>\n\t\t\t\t<\/div>\n\t\t\t\t<\/div>\n\t\t","protected":false},"excerpt":{"rendered":"<p>Utolj\u00e1ra friss\u00edtve: 2019.12.17. K\u00f6sz\u00f6nj\u00fck, hogy ell\u00e1togatott a Sea Star Festival hivatalos weboldal\u00e1ra. A weboldal megl\u00e1togat\u00e1sa \u00e9s haszn\u00e1lata (a tov\u00e1bbiakban: Weboldal) a Felhaszn\u00e1l\u00e1si felt\u00e9teleknek \u00e9s az adott ter\u00fcletre vonatkoz\u00f3 hat\u00e1lyos jogszab\u00e1lyoknak van al\u00e1rendelve. A Weboldalhoz val\u00f3 hozz\u00e1f\u00e9r\u00e9ssel \u00e9s annak haszn\u00e1lat\u00e1val korl\u00e1toz\u00e1s n\u00e9lk\u00fcl elfogadja a jelen Felhaszn\u00e1l\u00e1si felt\u00e9teleket. Ha nem fogadja el ezeket a felt\u00e9teleket korl\u00e1toz\u00e1s n\u00e9lk\u00fcl, [&hellip;]<\/p>\n","protected":false},"author":1,"featured_media":59655,"parent":0,"menu_order":29,"comment_status":"closed","ping_status":"closed","template":"","meta":{"_acf_changed":false,"footnotes":""},"class_list":["post-33510","page","type-page","status-publish","has-post-thumbnail","hentry"],"acf":[],"_links":{"self":[{"href":"https:\/\/www.seastarfestival.com\/hu\/wp-json\/wp\/v2\/pages\/33510","targetHints":{"allow":["GET"]}}],"collection":[{"href":"https:\/\/www.seastarfestival.com\/hu\/wp-json\/wp\/v2\/pages"}],"about":[{"href":"https:\/\/www.seastarfestival.com\/hu\/wp-json\/wp\/v2\/types\/page"}],"author":[{"embeddable":true,"href":"https:\/\/www.seastarfestival.com\/hu\/wp-json\/wp\/v2\/users\/1"}],"replies":[{"embeddable":true,"href":"https:\/\/www.seastarfestival.com\/hu\/wp-json\/wp\/v2\/comments?post=33510"}],"version-history":[{"count":5,"href":"https:\/\/www.seastarfestival.com\/hu\/wp-json\/wp\/v2\/pages\/33510\/revisions"}],"predecessor-version":[{"id":54014,"href":"https:\/\/www.seastarfestival.com\/hu\/wp-json\/wp\/v2\/pages\/33510\/revisions\/54014"}],"wp:featuredmedia":[{"embeddable":true,"href":"https:\/\/www.seastarfestival.com\/hu\/wp-json\/wp\/v2\/media\/59655"}],"wp:attachment":[{"href":"https:\/\/www.seastarfestival.com\/hu\/wp-json\/wp\/v2\/media?parent=33510"}],"curies":[{"name":"wp","href":"https:\/\/api.w.org\/{rel}","templated":true}]}}