{"id":42968,"date":"2023-12-05T14:19:26","date_gmt":"2023-12-05T13:19:26","guid":{"rendered":"https:\/\/www.seastarfestival.com\/?page_id=42968"},"modified":"2025-04-15T20:31:53","modified_gmt":"2025-04-15T18:31:53","slug":"datenschutzrichtlinie","status":"publish","type":"page","link":"https:\/\/www.seastarfestival.com\/de\/datenschutzrichtlinie","title":{"rendered":"Datenschutzrichtlinie"},"content":{"rendered":"\t\t<div data-elementor-type=\"wp-page\" data-elementor-id=\"42968\" class=\"elementor elementor-42968 elementor-17313\" data-elementor-post-type=\"page\">\n\t\t\t\t<div class=\"elementor-element elementor-element-d0c4743 e-con-full e-flex e-con e-parent\" data-id=\"d0c4743\" data-element_type=\"container\" data-e-type=\"container\">\n\t\t\t\t<div class=\"elementor-element elementor-element-7290c59 elementor-widget__width-initial elementor-widget elementor-widget-template\" data-id=\"7290c59\" data-element_type=\"widget\" data-e-type=\"widget\" data-widget_type=\"template.default\">\n\t\t\t\t<div class=\"elementor-widget-container\">\n\t\t\t\t\t\t\t<div class=\"elementor-template\">\n\t\t\t\t\t<div data-elementor-type=\"section\" data-elementor-id=\"48415\" class=\"elementor elementor-48415\" data-elementor-post-type=\"elementor_library\">\n\t\t\t<div class=\"elementor-element elementor-element-ea336ad e-flex e-con-boxed e-con e-parent\" data-id=\"ea336ad\" data-element_type=\"container\" data-e-type=\"container\" data-settings=\"{&quot;background_background&quot;:&quot;classic&quot;}\">\n\t\t\t\t\t<div class=\"e-con-inner\">\n\t\t<div class=\"elementor-element elementor-element-3faa944 e-con-full e-flex e-con e-child\" data-id=\"3faa944\" data-element_type=\"container\" data-e-type=\"container\">\n\t\t<div class=\"elementor-element elementor-element-651e20c e-con-full e-flex e-con e-child\" data-id=\"651e20c\" data-element_type=\"container\" data-e-type=\"container\">\n\t\t\t\t<div class=\"elementor-element elementor-element-43298c4 elementor-widget elementor-widget-heading\" data-id=\"43298c4\" data-element_type=\"widget\" data-e-type=\"widget\" data-widget_type=\"heading.default\">\n\t\t\t\t<div class=\"elementor-widget-container\">\n\t\t\t\t\t<h1 class=\"elementor-heading-title elementor-size-default\">Datenschutzrichtlinie<\/h1>\t\t\t\t<\/div>\n\t\t\t\t<\/div>\n\t\t\t\t<\/div>\n\t\t<div class=\"elementor-element elementor-element-5e6cad0 e-con-full e-flex e-con e-child\" data-id=\"5e6cad0\" data-element_type=\"container\" data-e-type=\"container\">\n\t\t\t\t<div class=\"elementor-element elementor-element-5f0f275 elementor-align-right elementor-widget elementor-widget-breadcrumbs\" data-id=\"5f0f275\" data-element_type=\"widget\" data-e-type=\"widget\" data-widget_type=\"breadcrumbs.default\">\n\t\t\t\t<div class=\"elementor-widget-container\">\n\t\t\t\t\t<div id=\"breadcrumbs\"><span><span><a href=\"https:\/\/www.seastarfestival.com\/de\">Startseite<\/a><\/span><\/span><\/div>\t\t\t\t<\/div>\n\t\t\t\t<\/div>\n\t\t\t\t<\/div>\n\t\t\t\t<\/div>\n\t\t\t\t\t<\/div>\n\t\t\t\t<\/div>\n\t\t\t\t<\/div>\n\t\t\t\t<\/div>\n\t\t\t\t\t\t<\/div>\n\t\t\t\t<\/div>\n\t\t\t\t<\/div>\n\t\t<div class=\"elementor-element elementor-element-077e02f e-flex e-con-boxed e-con e-parent\" data-id=\"077e02f\" data-element_type=\"container\" data-e-type=\"container\">\n\t\t\t\t\t<div class=\"e-con-inner\">\n\t\t<div class=\"elementor-element elementor-element-f503381 e-con-full e-flex e-con e-child\" data-id=\"f503381\" data-element_type=\"container\" data-e-type=\"container\">\n\t\t\t\t<div class=\"elementor-element elementor-element-6a1f565 elementor-widget elementor-widget-text-editor\" data-id=\"6a1f565\" data-element_type=\"widget\" data-e-type=\"widget\" data-widget_type=\"text-editor.default\">\n\t\t\t\t<div class=\"elementor-widget-container\">\n\t\t\t\t\t\t\t\t\t<p><strong><em>Zuletzt aktualisiert: 17.12.2019.<\/em><\/strong><\/p><p>EMC d.o.o. (Adresse: Ribnjak 12-14, 10000 Zagreb, Kroatien; E-Mail: <a href=\"mailto:info@seastarfestival.me\">info@seastarfestival.me<\/a>, <a href=\"https:\/\/www.seastarfestival.com\/en\/\">www.seastarfestival.com<\/a>, (im Folgenden: Website) bem\u00fcht sich, den bestm\u00f6glichen Service anzubieten, der f\u00fcr die Nutzung durch m\u00f6glichst viele Nutzer geeignet ist. Um dies so effizient wie m\u00f6glich zu gestalten, erheben wir die folgenden Arten von Informationen:<\/p><h2><strong>\u00d6ffentliche Daten<\/strong><\/h2><p>Grunds\u00e4tzlich ist es m\u00f6glich, die Website zu nutzen, ohne Ihre Identit\u00e4t oder andere damit verbundene Informationen preiszugeben.<\/p><p>Beim Besuch der Website erfassen wir Daten, die Benutzeraufzeichnungen erstellen, die jedoch nicht ausreichen, um eine bestimmte Person zu identifizieren, sondern als statistischer Indikator dienen, um die Qualit\u00e4t des angebotenen Dienstes zu verbessern. Solche Informationen k\u00f6nnen die Anzahl der Besuche, die durchschnittliche Verweildauer auf der Seite, der Computertyp, der Typ des mobilen Ger\u00e4ts, technische Informationen zur Verbindung des Benutzers, das Betriebssystem, der Internetdienstanbieter und lediglich die vom ISP zugewiesene IP-Adresse sein, die bei jedem Benutzer unterschiedlich ist.<\/p><h2><strong>Personenbezogene Daten<\/strong><\/h2><p>Bei jeder Kontaktaufnahme \u00fcber das Kontaktformular, die Kontakt-E-Mail, einen direkten Anruf oder soziale Netzwerke k\u00f6nnen wir nach Ihren pers\u00f6nlichen Informationen wie Name, E-Mail-Adresse, Telefonnummer und Adresse fragen. Auf diese Weise stellen wir eine effektive Kommunikation mit Ihnen her, um alle m\u00f6glichen Anfragen zu beantworten.<\/p><h2><strong>Datenverarbeitung<\/strong><\/h2><p>EMC d.o.o. beh\u00e4lt sich das Recht vor, Daten innerhalb rechtlicher Einheiten und anderer Organisationen, die Veranstalter, Teilnehmer oder Partner bei der Organisation von Festivals und anderen Veranstaltungen und Aktivit\u00e4ten unter der Marke EXIT und\/oder in diesem Rahmen sind, sowie mit Dritten f\u00fcr Informations-, Werbe- und Marketingzwecke zu teilen. Dies geschieht, um die Gesamterfahrung zu verbessern und die Notwendigkeit doppelter Anfragen nach denselben Daten zu vermeiden, sowie um die Genauigkeit in Datenbanken zu best\u00e4tigen.<\/p><h2><strong>Sicherheit und Datenspeicherung<\/strong><\/h2><p>Der Datenschutz ist in das Design der Website integriert, und die Datenschutzeinstellungen sind standardm\u00e4\u00dfig auf ein hohes Niveau eingestellt. Die gesamte Kommunikation zwischen dem Benutzer und der Website erfolgt \u00fcber ein sicheres, verschl\u00fcsseltes Protokoll (https).<\/p><p>Die Verarbeitung personenbezogener Daten erfolgt gem\u00e4\u00df den Datenschutzbestimmungen in Kroatien, wobei alle vorgeschriebenen technischen und organisatorischen Ma\u00dfnahmen zur Gew\u00e4hrleistung von Vertraulichkeit und Schutz bei der Verarbeitung der in unserem Besitz befindlichen personenbezogenen Daten ergriffen werden.<\/p><p>EMC d.o.o. ist verpflichtet, alle vertraulichen Informationen bei der Durchf\u00fchrung seiner T\u00e4tigkeiten zu wahren und Sicherheitsma\u00dfnahmen f\u00fcr die Erhebung, Speicherung und Verarbeitung von Informationen anzuwenden, um unbefugten Zugriff, \u00c4nderungen, Offenlegung oder Zerst\u00f6rung Ihrer personenbezogenen Daten zu verhindern, sowie personenbezogene Daten nur an zust\u00e4ndige Stellen im Rahmen der gesetzlichen Bestimmungen weiterzugeben.<\/p><p>Die von Ihnen angegebenen Daten werden f\u00fcr einen bestimmten Zeitraum gespeichert, jedoch nicht l\u00e4nger als erforderlich. W\u00e4hrend dieses Zeitraums behalten Sie alle Ihre Rechte, wie z. B. das Recht auf Zugang, Berichtigung, L\u00f6schung, Einschr\u00e4nkung der Verarbeitung, \u00dcbertragung, Widerspruch und das Recht, keiner automatisierten Entscheidungsfindung einschlie\u00dflich der Profilerstellung unterworfen zu sein.<\/p><h2><strong>Cookies<\/strong><\/h2><p>Wenn Sie die Website besuchen, werden ein oder mehrere Cookies (kleine Dateien, die aus Codezeichenfolgen bestehen) an Ihren Computer gesendet, die einen eindeutigen Identifikator f\u00fcr Ihren Browser darstellen. Die Website verwendet Cookies, um die Servicequalit\u00e4t durch das Speichern von Benutzereinstellungen und das Verfolgen von Benutzerbesuchen zu verbessern.<\/p><h2><strong>Informationen \u00fcber Besuche<\/strong><\/h2><p>Zus\u00e4tzlich zum Server verwendet die Website Google Analytics und Facebook Pixel, um Ihre Benutzererfahrung zu verbessern. Wenn Sie Websites besuchen, die Google Analytics und Facebook Pixel verwenden, k\u00f6nnen Google und der Google Analytics-Nutzer bzw. Facebook und der Facebook Pixel-Nutzer Informationen \u00fcber Ihre Aktivit\u00e4ten auf dieser Website mit Aktivit\u00e4ten auf anderen Websites (und sozialen Netzwerken) verkn\u00fcpfen, die Werbedienste nutzen.<\/p><h2><strong>Ihre Rechte<\/strong><\/h2><p>Sie k\u00f6nnen uns jederzeit kontaktieren, um herauszufinden, welche Informationen \u00fcber Ihre Aktivit\u00e4ten auf unseren Servern gespeichert sind. Sie k\u00f6nnen uns auch kontaktieren, um diese l\u00f6schen zu lassen. In einigen F\u00e4llen k\u00f6nnen wir die L\u00f6schung ablehnen und Daten f\u00fcr begrenzte Zeitr\u00e4ume aufbewahren, wenn wir sie aus rechtlichen oder gesch\u00e4ftlichen Gr\u00fcnden aufbewahren m\u00fcssen.<\/p><p>Wenn Sie uns bitten, Daten oder Inhalte, die mit Ihrem Konto zusammenh\u00e4ngen, zu l\u00f6schen, werden wir versuchen sicherzustellen, dass Sie vor versehentlicher oder b\u00f6swilliger L\u00f6schung gesch\u00fctzt sind. Aus diesem Grund k\u00f6nnen wir eine zus\u00e4tzliche Verifizierung Ihrer Identit\u00e4t anfordern (z. B. per E-Mail oder Telefon), und es kann einige Zeit dauern, bis die L\u00f6schung nach Ihrer Anfrage durchgef\u00fchrt wird.<\/p><p>Wir geben Daten an Dritte weiter, wenn wir in gutem Glauben glauben, dass der Zugriff auf Informationen, die Nutzung, Speicherung oder Offenlegung vern\u00fcnftigerweise erforderlich ist:<\/p><ul><li>um geltende Gesetze, Vorschriften, rechtliche Verfahren oder beh\u00f6rdliche Anforderungen zu erf\u00fcllen;<\/li><li>um die geltenden Nutzungsbedingungen der Dienste durchzusetzen, einschlie\u00dflich der Untersuchung potenzieller Verst\u00f6\u00dfe gegen diese Bedingungen;<\/li><li>um Betrug, Sicherheitsprobleme oder technische Probleme zu erkennen, zu verhindern oder auf andere Weise zu l\u00f6sen;<\/li><li>um die Rechte, das Eigentum oder die Sicherheit der Website, unserer Nutzer oder der \u00d6ffentlichkeit zu sch\u00fctzen, wie gesetzlich vorgeschrieben oder erlaubt.<\/li><\/ul><p>Die Website kann die Datenschutzrichtlinie jederzeit ohne Ank\u00fcndigung \u00e4ndern.<\/p><p>Alle \u00c4nderungen der Datenschutzrichtlinie werden am Anfang dieser Seite hervorgehoben.<\/p>\t\t\t\t\t\t\t\t<\/div>\n\t\t\t\t<\/div>\n\t\t\t\t<\/div>\n\t\t\t\t\t<\/div>\n\t\t\t\t<\/div>\n\t\t\t\t<\/div>\n\t\t","protected":false},"excerpt":{"rendered":"<p>Zuletzt aktualisiert: 17.12.2019. EMC d.o.o. (Adresse: Ribnjak 12-14, 10000 Zagreb, Kroatien; E-Mail: info@seastarfestival.me, www.seastarfestival.com, (im Folgenden: Website) bem\u00fcht sich, den bestm\u00f6glichen Service anzubieten, der f\u00fcr die Nutzung durch m\u00f6glichst viele Nutzer geeignet ist. Um dies so effizient wie m\u00f6glich zu gestalten, erheben wir die folgenden Arten von Informationen: \u00d6ffentliche Daten Grunds\u00e4tzlich ist es m\u00f6glich, die [&hellip;]<\/p>\n","protected":false},"author":1,"featured_media":59654,"parent":0,"menu_order":30,"comment_status":"closed","ping_status":"closed","template":"","meta":{"_acf_changed":false,"footnotes":""},"class_list":["post-42968","page","type-page","status-publish","has-post-thumbnail","hentry"],"acf":[],"_links":{"self":[{"href":"https:\/\/www.seastarfestival.com\/de\/wp-json\/wp\/v2\/pages\/42968","targetHints":{"allow":["GET"]}}],"collection":[{"href":"https:\/\/www.seastarfestival.com\/de\/wp-json\/wp\/v2\/pages"}],"about":[{"href":"https:\/\/www.seastarfestival.com\/de\/wp-json\/wp\/v2\/types\/page"}],"author":[{"embeddable":true,"href":"https:\/\/www.seastarfestival.com\/de\/wp-json\/wp\/v2\/users\/1"}],"replies":[{"embeddable":true,"href":"https:\/\/www.seastarfestival.com\/de\/wp-json\/wp\/v2\/comments?post=42968"}],"version-history":[{"count":5,"href":"https:\/\/www.seastarfestival.com\/de\/wp-json\/wp\/v2\/pages\/42968\/revisions"}],"predecessor-version":[{"id":54649,"href":"https:\/\/www.seastarfestival.com\/de\/wp-json\/wp\/v2\/pages\/42968\/revisions\/54649"}],"wp:featuredmedia":[{"embeddable":true,"href":"https:\/\/www.seastarfestival.com\/de\/wp-json\/wp\/v2\/media\/59654"}],"wp:attachment":[{"href":"https:\/\/www.seastarfestival.com\/de\/wp-json\/wp\/v2\/media?parent=42968"}],"curies":[{"name":"wp","href":"https:\/\/api.w.org\/{rel}","templated":true}]}}