{"id":42963,"date":"2023-12-05T13:29:42","date_gmt":"2023-12-05T12:29:42","guid":{"rendered":"https:\/\/www.seastarfestival.com\/?page_id=42963"},"modified":"2025-04-15T20:31:49","modified_gmt":"2025-04-15T18:31:49","slug":"nutzungsbedingungen","status":"publish","type":"page","link":"https:\/\/www.seastarfestival.com\/de\/nutzungsbedingungen","title":{"rendered":"Nutzungsbedingungen"},"content":{"rendered":"\t\t<div data-elementor-type=\"wp-page\" data-elementor-id=\"42963\" class=\"elementor elementor-42963 elementor-17302\" data-elementor-post-type=\"page\">\n\t\t\t\t<div class=\"elementor-element elementor-element-ef7d465 e-con-full e-flex e-con e-parent\" data-id=\"ef7d465\" data-element_type=\"container\" data-e-type=\"container\">\n\t\t\t\t<div class=\"elementor-element elementor-element-c62fa5c elementor-widget__width-initial elementor-widget elementor-widget-template\" data-id=\"c62fa5c\" data-element_type=\"widget\" data-e-type=\"widget\" data-widget_type=\"template.default\">\n\t\t\t\t<div class=\"elementor-widget-container\">\n\t\t\t\t\t\t\t<div class=\"elementor-template\">\n\t\t\t\t\t<div data-elementor-type=\"section\" data-elementor-id=\"48415\" class=\"elementor elementor-48415\" data-elementor-post-type=\"elementor_library\">\n\t\t\t<div class=\"elementor-element elementor-element-ea336ad e-flex e-con-boxed e-con e-parent\" data-id=\"ea336ad\" data-element_type=\"container\" data-e-type=\"container\" data-settings=\"{&quot;background_background&quot;:&quot;classic&quot;}\">\n\t\t\t\t\t<div class=\"e-con-inner\">\n\t\t<div class=\"elementor-element elementor-element-3faa944 e-con-full e-flex e-con e-child\" data-id=\"3faa944\" data-element_type=\"container\" data-e-type=\"container\">\n\t\t<div class=\"elementor-element elementor-element-651e20c e-con-full e-flex e-con e-child\" data-id=\"651e20c\" data-element_type=\"container\" data-e-type=\"container\">\n\t\t\t\t<div class=\"elementor-element elementor-element-43298c4 elementor-widget elementor-widget-heading\" data-id=\"43298c4\" data-element_type=\"widget\" data-e-type=\"widget\" data-widget_type=\"heading.default\">\n\t\t\t\t<div class=\"elementor-widget-container\">\n\t\t\t\t\t<h1 class=\"elementor-heading-title elementor-size-default\">Nutzungsbedingungen<\/h1>\t\t\t\t<\/div>\n\t\t\t\t<\/div>\n\t\t\t\t<\/div>\n\t\t<div class=\"elementor-element elementor-element-5e6cad0 e-con-full e-flex e-con e-child\" data-id=\"5e6cad0\" data-element_type=\"container\" data-e-type=\"container\">\n\t\t\t\t<div class=\"elementor-element elementor-element-5f0f275 elementor-align-right elementor-widget elementor-widget-breadcrumbs\" data-id=\"5f0f275\" data-element_type=\"widget\" data-e-type=\"widget\" data-widget_type=\"breadcrumbs.default\">\n\t\t\t\t<div class=\"elementor-widget-container\">\n\t\t\t\t\t<div id=\"breadcrumbs\"><span><span><a href=\"https:\/\/www.seastarfestival.com\/de\">Startseite<\/a><\/span><\/span><\/div>\t\t\t\t<\/div>\n\t\t\t\t<\/div>\n\t\t\t\t<\/div>\n\t\t\t\t<\/div>\n\t\t\t\t\t<\/div>\n\t\t\t\t<\/div>\n\t\t\t\t<\/div>\n\t\t\t\t<\/div>\n\t\t\t\t\t\t<\/div>\n\t\t\t\t<\/div>\n\t\t\t\t<\/div>\n\t\t<div class=\"elementor-element elementor-element-15948f4 e-flex e-con-boxed e-con e-parent\" data-id=\"15948f4\" data-element_type=\"container\" data-e-type=\"container\">\n\t\t\t\t\t<div class=\"e-con-inner\">\n\t\t<div class=\"elementor-element elementor-element-551baef e-con-full e-flex e-con e-child\" data-id=\"551baef\" data-element_type=\"container\" data-e-type=\"container\">\n\t\t\t\t<div class=\"elementor-element elementor-element-675f3bf elementor-widget elementor-widget-text-editor\" data-id=\"675f3bf\" data-element_type=\"widget\" data-e-type=\"widget\" data-widget_type=\"text-editor.default\">\n\t\t\t\t<div class=\"elementor-widget-container\">\n\t\t\t\t\t\t\t\t\t<p><strong><em>Zuletzt aktualisiert: 17.12.2019.<\/em><\/strong><\/p><p>Vielen Dank f\u00fcr den Besuch der offiziellen Website des Sea Star Festivals. Ihr Besuch sowie die Nutzung der Sea Star Website (im Folgenden: Website) unterliegen den Allgemeinen Gesch\u00e4ftsbedingungen und den geltenden gesetzlichen Vorschriften in diesem Bereich.<\/p><p>Durch den Zugriff auf und die Nutzung der Website akzeptieren Sie diese Allgemeinen Gesch\u00e4ftsbedingungen uneingeschr\u00e4nkt. Wenn Sie diese Allgemeinen Gesch\u00e4ftsbedingungen nicht uneingeschr\u00e4nkt akzeptieren, bitten wir Sie, diese Website zu verlassen.<\/p><p>Der Zugriff auf diese Website unterliegt den folgenden Allgemeinen Gesch\u00e4ftsbedingungen:<\/p><h2><strong>Allgemeine Gesch\u00e4ftsbedingungen f\u00fcr Informationen<\/strong><\/h2><p>Alle auf dieser Website verf\u00fcgbaren Informationen dienen ausschlie\u00dflich Informationszwecken und d\u00fcrfen nicht f\u00fcr kommerzielle Zwecke genutzt oder an Dritte weitergegeben werden.<\/p><p>Informationen, die von EMC d.o.o. (Adresse: Ribnjak 12-14, 10000 Zagreb, Kroatien; E-Mail: <a href=\"mailto:info@seastarfestival.com\">info@seastarfestival.com<\/a>) auf dieser Internetpr\u00e4sentation ver\u00f6ffentlicht werden, gelten zum Zeitpunkt der Ver\u00f6ffentlichung als korrekt und zuverl\u00e4ssig. EMC d.o.o. kann jederzeit und ohne vorherige Ank\u00fcndigung die bestehenden Informationen aktualisieren oder neue Informationen hinzuf\u00fcgen.<\/p><p>EMC d.o.o. garantiert nicht, dass die Website ohne Unterbrechungen oder Fehler funktioniert, dass Probleme zeitnah behoben werden oder dass die Website mit Ihrer Hardware oder Software kompatibel ist. Informationen auf dieser Website d\u00fcrfen nicht als Entscheidungsgrundlage jeglicher Art interpretiert werden. Wenn Sie w\u00e4hrend der Nutzung dieser Website Schwierigkeiten haben, etwas zu verstehen, kontaktieren Sie uns bitte \u00fcber die <a href=\"https:\/\/www.seastarfestival.com\/en\/contact\/\">Kontaktseite<\/a>.<\/p><h2><strong>Eigentum des Inhalts<\/strong><\/h2><p>Der gesamte Inhalt, einschlie\u00dflich Texte, Logos, Grafiken, Bilder, Audioinhalte und anderer Inhalte auf der Website (im Folgenden: Inhalt), ist urheberrechtlich gesch\u00fctzt oder Eigentum von EMC d.o.o. oder wurde mit Erlaubnis des Eigent\u00fcmers oder des autorisierten Rechteinhabers auf der Website ver\u00f6ffentlicht. Die Nutzung von Inhalten, au\u00dfer in der in diesen Allgemeinen Gesch\u00e4ftsbedingungen beschriebenen Weise, ist ohne schriftliche Genehmigung des Inhaltseigent\u00fcmers strengstens untersagt. EMC d.o.o. wird seine Urheberrechte, geistigen Eigentumsrechte und andere verwandte Rechte sowie sonstige Rechte im gr\u00f6\u00dftm\u00f6glichen gesetzlich zul\u00e4ssigen Umfang sch\u00fctzen, einschlie\u00dflich rechtlicher Schritte.<\/p><h2><strong>Haftungsausschluss f\u00fcr die Website<\/strong><\/h2><p>Sie nutzen diese Website auf eigenes Risiko. Weder EMC d.o.o. noch verbundene oder abh\u00e4ngige juristische Personen, Filialen, Mitarbeiter oder F\u00fchrungskr\u00e4fte noch Dritte, die von EMC d.o.o. f\u00fcr die Erstellung, den Betrieb und die Wartung der Website beauftragt wurden, haften f\u00fcr Sch\u00e4den jeglicher Art, k\u00f6rperlicher oder sonstiger Art, direkt, indirekt oder beil\u00e4ufig, sowie f\u00fcr sonstige Sch\u00e4den, die aus der Nutzung der Website und ihrer Inhalte entstehen, sei es vertraglich oder au\u00dfervertraglich oder deliktisch, selbst nach Hinweisen auf m\u00f6gliche Sch\u00e4den. Bitte beachten Sie, dass bestimmte Umst\u00e4nde sowie die Gerichtsbarkeiten einiger staatlicher Organe Haftungsausschl\u00fcsse f\u00fcr bestimmte Sch\u00e4den nicht zulassen, was bedeutet, dass bestimmte aufgef\u00fchrte Haftungsausschl\u00fcsse m\u00f6glicherweise nicht f\u00fcr Sie gelten.<\/p><h2><strong>Externe Links<\/strong><\/h2><p>Die Website enth\u00e4lt Links zu anderen Websites, deren Eigent\u00fcmer oder Benutzer nicht EMC d.o.o. ist. Solche Links wurden nur bereitgestellt, um Ihnen zus\u00e4tzliche Informationen zu bieten. EMC d.o.o. kontrolliert diese Websites nicht und ist nicht verantwortlich f\u00fcr deren<\/p>\t\t\t\t\t\t\t\t<\/div>\n\t\t\t\t<\/div>\n\t\t\t\t<\/div>\n\t\t\t\t\t<\/div>\n\t\t\t\t<\/div>\n\t\t\t\t<\/div>\n\t\t","protected":false},"excerpt":{"rendered":"<p>Zuletzt aktualisiert: 17.12.2019. Vielen Dank f\u00fcr den Besuch der offiziellen Website des Sea Star Festivals. Ihr Besuch sowie die Nutzung der Sea Star Website (im Folgenden: Website) unterliegen den Allgemeinen Gesch\u00e4ftsbedingungen und den geltenden gesetzlichen Vorschriften in diesem Bereich. Durch den Zugriff auf und die Nutzung der Website akzeptieren Sie diese Allgemeinen Gesch\u00e4ftsbedingungen uneingeschr\u00e4nkt. Wenn [&hellip;]<\/p>\n","protected":false},"author":1,"featured_media":59654,"parent":0,"menu_order":29,"comment_status":"closed","ping_status":"closed","template":"","meta":{"_acf_changed":false,"footnotes":""},"class_list":["post-42963","page","type-page","status-publish","has-post-thumbnail","hentry"],"acf":[],"_links":{"self":[{"href":"https:\/\/www.seastarfestival.com\/de\/wp-json\/wp\/v2\/pages\/42963","targetHints":{"allow":["GET"]}}],"collection":[{"href":"https:\/\/www.seastarfestival.com\/de\/wp-json\/wp\/v2\/pages"}],"about":[{"href":"https:\/\/www.seastarfestival.com\/de\/wp-json\/wp\/v2\/types\/page"}],"author":[{"embeddable":true,"href":"https:\/\/www.seastarfestival.com\/de\/wp-json\/wp\/v2\/users\/1"}],"replies":[{"embeddable":true,"href":"https:\/\/www.seastarfestival.com\/de\/wp-json\/wp\/v2\/comments?post=42963"}],"version-history":[{"count":5,"href":"https:\/\/www.seastarfestival.com\/de\/wp-json\/wp\/v2\/pages\/42963\/revisions"}],"predecessor-version":[{"id":54648,"href":"https:\/\/www.seastarfestival.com\/de\/wp-json\/wp\/v2\/pages\/42963\/revisions\/54648"}],"wp:featuredmedia":[{"embeddable":true,"href":"https:\/\/www.seastarfestival.com\/de\/wp-json\/wp\/v2\/media\/59654"}],"wp:attachment":[{"href":"https:\/\/www.seastarfestival.com\/de\/wp-json\/wp\/v2\/media?parent=42963"}],"curies":[{"name":"wp","href":"https:\/\/api.w.org\/{rel}","templated":true}]}}